{"id":40158,"date":"2016-09-06T17:08:56","date_gmt":"2016-09-06T15:08:56","guid":{"rendered":"https:\/\/contarini.net\/de\/produkt\/ge-tgr-de\/"},"modified":"2016-09-06T17:08:56","modified_gmt":"2016-09-06T15:08:56","slug":"ge-tgr-de","status":"publish","type":"product","link":"https:\/\/contarini.net\/de\/produkt\/ge-tgr-de\/","title":{"rendered":"WARTUNGSFREIES RADIALGELENKLAGER TYP GE..TGR"},"content":{"rendered":"<p>Das Radialgelenklager der Serie GE..TGR ist aus zwei Ringen aus geh\u00e4rtetem rostfreiem Stahl ausgef\u00fchrt, mit einer polierten Arbeitsfl\u00e4che des inneren Ringes. Im Inneren des Rings f\u00fcr das Gelenklager der Serie CAGEX montiert, ist es f\u00fcr die Ausf\u00fchrung von Edelstahlzylindern geeignet. Das Gelenklager ist wartungsfrei. Produkt, das besonders f\u00fcr den Meeres- und Lebensmittelsektor geeignet ist.<\/p>\n","protected":false},"excerpt":{"rendered":"<p>Das Radialgelenklager der Serie GE..TGR ist aus zwei Ringen aus geh\u00e4rtetem rostfreiem Stahl ausgef\u00fchrt, mit einer polierten Arbeitsfl\u00e4che des inneren Ringes. Im Inneren des Rings f\u00fcr das Gelenklager der Serie CAGEX montiert, ist es f\u00fcr die Ausf\u00fchrung von Edelstahlzylindern geeignet. Das Gelenklager ist wartungsfrei. Produkt, das besonders f\u00fcr den Meeres- und Lebensmittelsektor geeignet ist.<\/p>\n","protected":false},"featured_media":0,"template":"","product_brand":[],"product_cat":[522],"product_tag":[],"class_list":{"0":"post-40158","1":"product","2":"type-product","3":"status-publish","5":"product_cat-komponenten-aus-rostfreiem-stahl","6":"odd","8":"first","9":"instock","10":"shipping-taxable","11":"product-type-simple"},"_links":{"self":[{"href":"https:\/\/contarini.net\/de\/wp-json\/wp\/v2\/product\/40158","targetHints":{"allow":["GET"]}}],"collection":[{"href":"https:\/\/contarini.net\/de\/wp-json\/wp\/v2\/product"}],"about":[{"href":"https:\/\/contarini.net\/de\/wp-json\/wp\/v2\/types\/product"}],"wp:attachment":[{"href":"https:\/\/contarini.net\/de\/wp-json\/wp\/v2\/media?parent=40158"}],"wp:term":[{"taxonomy":"product_brand","embeddable":true,"href":"https:\/\/contarini.net\/de\/wp-json\/wp\/v2\/product_brand?post=40158"},{"taxonomy":"product_cat","embeddable":true,"href":"https:\/\/contarini.net\/de\/wp-json\/wp\/v2\/product_cat?post=40158"},{"taxonomy":"product_tag","embeddable":true,"href":"https:\/\/contarini.net\/de\/wp-json\/wp\/v2\/product_tag?post=40158"}],"curies":[{"name":"wp","href":"https:\/\/api.w.org\/{rel}","templated":true}]}}