{"id":40155,"date":"2016-09-06T17:08:55","date_gmt":"2016-09-06T15:08:55","guid":{"rendered":"https:\/\/contarini.net\/de\/produkt\/cagex-de\/"},"modified":"2016-09-06T17:08:55","modified_gmt":"2016-09-06T15:08:55","slug":"cagex-de","status":"publish","type":"product","link":"https:\/\/contarini.net\/de\/produkt\/cagex-de\/","title":{"rendered":"SCHWEISSBARER RING AUS ROSTFREIEM STAHL F\u00dcR GELENKLAGER &#8222;GE TGR&#8220; &#8211; TYP CAGEX"},"content":{"rendered":"<p>Der schwei\u00dfbare Ring f\u00fcr Gelenklager &#8222;GE TGR&#8220; der Serie CAGEX ist eine Komponente f\u00fcr die Herstellung von K\u00f6pfen, die f\u00fcr die Ausf\u00fchrung von einfach- und doppelwirkenden Zylindern geeignet sind. Aus rostfreiem Stahl AISI 316 L ausgef\u00fchrt, auf den Zylinderlaufboden und\/oder auf die verchromte Kolbenstange angeschwei\u00dft und mit einer Scheibe &#8222;GE TGR&#8220; (nicht inkludiert) erg\u00e4nzt, erm\u00f6glicht eine Befestigung mit Zapfen (erm\u00f6glicht eine radiale Bewegung). Befestigung, die f\u00fcr die Ausf\u00fchrung von Edelstahlzylindern geeignet ist. Produkt, das besonders f\u00fcr den Meeres- und Lebensmittelsektor geeignet ist<\/p>\n","protected":false},"excerpt":{"rendered":"<p>Der schwei\u00dfbare Ring f\u00fcr Gelenklager &#8222;GE TGR&#8220; der Serie CAGEX ist eine Komponente f\u00fcr die Herstellung von K\u00f6pfen, die f\u00fcr die Ausf\u00fchrung von einfach- und doppelwirkenden Zylindern geeignet sind. Aus rostfreiem Stahl AISI 316 L ausgef\u00fchrt, auf den Zylinderlaufboden und\/oder auf die verchromte Kolbenstange angeschwei\u00dft und mit einer Scheibe &#8222;GE TGR&#8220; (nicht inkludiert) erg\u00e4nzt, erm\u00f6glicht eine Befestigung mit Zapfen (erm\u00f6glicht [&hellip;]<\/p>\n","protected":false},"featured_media":0,"template":"","product_brand":[],"product_cat":[522],"product_tag":[],"class_list":{"0":"post-40155","1":"product","2":"type-product","3":"status-publish","5":"product_cat-komponenten-aus-rostfreiem-stahl","6":"odd","8":"first","9":"instock","10":"shipping-taxable","11":"product-type-simple"},"_links":{"self":[{"href":"https:\/\/contarini.net\/de\/wp-json\/wp\/v2\/product\/40155","targetHints":{"allow":["GET"]}}],"collection":[{"href":"https:\/\/contarini.net\/de\/wp-json\/wp\/v2\/product"}],"about":[{"href":"https:\/\/contarini.net\/de\/wp-json\/wp\/v2\/types\/product"}],"wp:attachment":[{"href":"https:\/\/contarini.net\/de\/wp-json\/wp\/v2\/media?parent=40155"}],"wp:term":[{"taxonomy":"product_brand","embeddable":true,"href":"https:\/\/contarini.net\/de\/wp-json\/wp\/v2\/product_brand?post=40155"},{"taxonomy":"product_cat","embeddable":true,"href":"https:\/\/contarini.net\/de\/wp-json\/wp\/v2\/product_cat?post=40155"},{"taxonomy":"product_tag","embeddable":true,"href":"https:\/\/contarini.net\/de\/wp-json\/wp\/v2\/product_tag?post=40155"}],"curies":[{"name":"wp","href":"https:\/\/api.w.org\/{rel}","templated":true}]}}