{"id":40149,"date":"2016-09-06T17:08:52","date_gmt":"2016-09-06T15:08:52","guid":{"rendered":"https:\/\/contarini.net\/de\/produkt\/cofx-de\/"},"modified":"2016-09-06T17:08:52","modified_gmt":"2016-09-06T15:08:52","slug":"cofx-de","status":"publish","type":"product","link":"https:\/\/contarini.net\/de\/produkt\/cofx-de\/","title":{"rendered":"FESTAUGE AUS ROSTFREIEM STAHL TYP COFX"},"content":{"rendered":"<p>Das schwei\u00dfbare Festauge der Serie COFX ist ein Anschluss, der f\u00fcr die Fertigung von Zylindern mit Einfach- oder Doppelwirkung geeignet ist. Es ist aus Edelstahl vom Typ AISI 316 L gefertigt, am Zylinderkopf und\/oder am Chromschaft angeschwei\u00dft und l\u00e4sst sich mit Zapfen befestigen (eine radiale Bewegung ist nicht m\u00f6glich, sondern nur eine Drehbewegung auf der gleichen Achse), Der Anschluss ist f\u00fcr die Fertigung von EDELSTAHL-Zylindern geeignet. Das Produkt ist insbesondere f\u00fcr die Meerestechnik und den Lebensmittelbereich geeignet.<\/p>\n","protected":false},"excerpt":{"rendered":"<p>Das schwei\u00dfbare Festauge der Serie COFX ist ein Anschluss, der f\u00fcr die Fertigung von Zylindern mit Einfach- oder Doppelwirkung geeignet ist. Es ist aus Edelstahl vom Typ AISI 316 L gefertigt, am Zylinderkopf und\/oder am Chromschaft angeschwei\u00dft und l\u00e4sst sich mit Zapfen befestigen (eine radiale Bewegung ist nicht m\u00f6glich, sondern nur eine Drehbewegung auf der gleichen Achse), Der Anschluss ist [&hellip;]<\/p>\n","protected":false},"featured_media":0,"template":"","product_brand":[],"product_cat":[522],"product_tag":[],"class_list":{"0":"post-40149","1":"product","2":"type-product","3":"status-publish","5":"product_cat-komponenten-aus-rostfreiem-stahl","6":"odd","8":"first","9":"instock","10":"shipping-taxable","11":"product-type-simple"},"_links":{"self":[{"href":"https:\/\/contarini.net\/de\/wp-json\/wp\/v2\/product\/40149","targetHints":{"allow":["GET"]}}],"collection":[{"href":"https:\/\/contarini.net\/de\/wp-json\/wp\/v2\/product"}],"about":[{"href":"https:\/\/contarini.net\/de\/wp-json\/wp\/v2\/types\/product"}],"wp:attachment":[{"href":"https:\/\/contarini.net\/de\/wp-json\/wp\/v2\/media?parent=40149"}],"wp:term":[{"taxonomy":"product_brand","embeddable":true,"href":"https:\/\/contarini.net\/de\/wp-json\/wp\/v2\/product_brand?post=40149"},{"taxonomy":"product_cat","embeddable":true,"href":"https:\/\/contarini.net\/de\/wp-json\/wp\/v2\/product_cat?post=40149"},{"taxonomy":"product_tag","embeddable":true,"href":"https:\/\/contarini.net\/de\/wp-json\/wp\/v2\/product_tag?post=40149"}],"curies":[{"name":"wp","href":"https:\/\/api.w.org\/{rel}","templated":true}]}}