{"id":40146,"date":"2016-09-06T17:08:51","date_gmt":"2016-09-06T15:08:51","guid":{"rendered":"https:\/\/contarini.net\/de\/produkt\/cbx-de\/"},"modified":"2016-09-06T17:08:51","modified_gmt":"2016-09-06T15:08:51","slug":"cbx-de","status":"publish","type":"product","link":"https:\/\/contarini.net\/de\/produkt\/cbx-de\/","title":{"rendered":"BUCHSE AUS ROSTFREIEM STAHL TYP CBX"},"content":{"rendered":"<p>Die schwei\u00dfbare Buchse der Serie CBX ist eine Befestigung, die f\u00fcr die Ausf\u00fchrung von einfach- und doppelwirkenden Zylindern geeignet ist. Aus rostfreiem Stahl AISI 316 L ausgef\u00fchrt, auf die verchromte, mit geeignetem Gewinde versehene Kolbenstange angeschraubt, erm\u00f6glicht eine Befestigung mit Zapfen (keine radiale Bewegung, sondern nur Drehbewegung auf der selben Achse m\u00f6glich). Befestigung, die f\u00fcr die Ausf\u00fchrung von Edelstahlzylindern geeignet ist. Produkt, das besonders f\u00fcr den Meeres- und Lebensmittelsektor geeignet ist.<\/p>\n","protected":false},"excerpt":{"rendered":"<p>Die schwei\u00dfbare Buchse der Serie CBX ist eine Befestigung, die f\u00fcr die Ausf\u00fchrung von einfach- und doppelwirkenden Zylindern geeignet ist. Aus rostfreiem Stahl AISI 316 L ausgef\u00fchrt, auf die verchromte, mit geeignetem Gewinde versehene Kolbenstange angeschraubt, erm\u00f6glicht eine Befestigung mit Zapfen (keine radiale Bewegung, sondern nur Drehbewegung auf der selben Achse m\u00f6glich). Befestigung, die f\u00fcr die Ausf\u00fchrung von Edelstahlzylindern geeignet [&hellip;]<\/p>\n","protected":false},"featured_media":0,"template":"","product_brand":[],"product_cat":[522],"product_tag":[],"class_list":{"0":"post-40146","1":"product","2":"type-product","3":"status-publish","5":"product_cat-komponenten-aus-rostfreiem-stahl","6":"odd","8":"first","9":"instock","10":"shipping-taxable","11":"product-type-simple"},"_links":{"self":[{"href":"https:\/\/contarini.net\/de\/wp-json\/wp\/v2\/product\/40146","targetHints":{"allow":["GET"]}}],"collection":[{"href":"https:\/\/contarini.net\/de\/wp-json\/wp\/v2\/product"}],"about":[{"href":"https:\/\/contarini.net\/de\/wp-json\/wp\/v2\/types\/product"}],"wp:attachment":[{"href":"https:\/\/contarini.net\/de\/wp-json\/wp\/v2\/media?parent=40146"}],"wp:term":[{"taxonomy":"product_brand","embeddable":true,"href":"https:\/\/contarini.net\/de\/wp-json\/wp\/v2\/product_brand?post=40146"},{"taxonomy":"product_cat","embeddable":true,"href":"https:\/\/contarini.net\/de\/wp-json\/wp\/v2\/product_cat?post=40146"},{"taxonomy":"product_tag","embeddable":true,"href":"https:\/\/contarini.net\/de\/wp-json\/wp\/v2\/product_tag?post=40146"}],"curies":[{"name":"wp","href":"https:\/\/api.w.org\/{rel}","templated":true}]}}