{"id":40143,"date":"2016-09-06T17:08:49","date_gmt":"2016-09-06T15:08:49","guid":{"rendered":"https:\/\/contarini.net\/de\/produkt\/cfex-de\/"},"modified":"2016-09-06T17:08:50","modified_gmt":"2016-09-06T15:08:50","slug":"cfex-de","status":"publish","type":"product","link":"https:\/\/contarini.net\/de\/produkt\/cfex-de\/","title":{"rendered":"ZYLINDERBODEN AUS ROSTFREIEM STAHL MIT BOHRUNG UND \u00d6LEINLASS TYP CFEX"},"content":{"rendered":"<p>Der Zylinderboden der Serie CFEX ist ein Halbfertigprodukt, das f\u00fcr die Ausf\u00fchrung von einfach- und doppelwirkenden Hydraulikzylindern geeignet ist. Aus rostfreiem Stahl AISI 316 L ausgef\u00fchrt, weist eine Bohrung zur Befestigung des Zylinders auf, ohne weitere Befestigungen anschwei\u00dfen zu m\u00fcssen. Er weist au\u00dferdem einen \u00d6leinlass mit Gewinde auf, so muss das hintere Anschlussgewinde des Zylinders nicht angeschwei\u00dft werden. Produkt, das besonders f\u00fcr den Meeres- und Lebensmittelsektor verwendet wird.<\/p>\n","protected":false},"excerpt":{"rendered":"<p>Der Zylinderboden der Serie CFEX ist ein Halbfertigprodukt, das f\u00fcr die Ausf\u00fchrung von einfach- und doppelwirkenden Hydraulikzylindern geeignet ist. Aus rostfreiem Stahl AISI 316 L ausgef\u00fchrt, weist eine Bohrung zur Befestigung des Zylinders auf, ohne weitere Befestigungen anschwei\u00dfen zu m\u00fcssen. Er weist au\u00dferdem einen \u00d6leinlass mit Gewinde auf, so muss das hintere Anschlussgewinde des Zylinders nicht angeschwei\u00dft werden. Produkt, das [&hellip;]<\/p>\n","protected":false},"featured_media":0,"template":"","product_brand":[],"product_cat":[522],"product_tag":[],"class_list":{"0":"post-40143","1":"product","2":"type-product","3":"status-publish","5":"product_cat-komponenten-aus-rostfreiem-stahl","6":"odd","8":"first","9":"instock","10":"shipping-taxable","11":"product-type-simple"},"_links":{"self":[{"href":"https:\/\/contarini.net\/de\/wp-json\/wp\/v2\/product\/40143","targetHints":{"allow":["GET"]}}],"collection":[{"href":"https:\/\/contarini.net\/de\/wp-json\/wp\/v2\/product"}],"about":[{"href":"https:\/\/contarini.net\/de\/wp-json\/wp\/v2\/types\/product"}],"wp:attachment":[{"href":"https:\/\/contarini.net\/de\/wp-json\/wp\/v2\/media?parent=40143"}],"wp:term":[{"taxonomy":"product_brand","embeddable":true,"href":"https:\/\/contarini.net\/de\/wp-json\/wp\/v2\/product_brand?post=40143"},{"taxonomy":"product_cat","embeddable":true,"href":"https:\/\/contarini.net\/de\/wp-json\/wp\/v2\/product_cat?post=40143"},{"taxonomy":"product_tag","embeddable":true,"href":"https:\/\/contarini.net\/de\/wp-json\/wp\/v2\/product_tag?post=40143"}],"curies":[{"name":"wp","href":"https:\/\/api.w.org\/{rel}","templated":true}]}}