{"id":40137,"date":"2016-09-06T17:08:47","date_gmt":"2016-09-06T15:08:47","guid":{"rendered":"https:\/\/contarini.net\/de\/produkt\/cbsx-de\/"},"modified":"2016-09-06T17:08:47","modified_gmt":"2016-09-06T15:08:47","slug":"cbsx-de","status":"publish","type":"product","link":"https:\/\/contarini.net\/de\/produkt\/cbsx-de\/","title":{"rendered":"ANSCHLUSSBGEWINDE AUS ROSTFREIEM STAHL TYP CSBX"},"content":{"rendered":"<p>Das schwei\u00dfbare Anschlussgewinde der Serie CBSX ist eine Komponente, die f\u00fcr die Ausf\u00fchrung von einfach- und doppelwirkenden Zylindern geeignet ist. Aus rostfreiem Stahl AISI 316 ausgef\u00fchrt, auf die Zylinderlaufbuchse oder den Zylinderboden angeschwei\u00dft, erm\u00f6glicht den \u00d6leinlass in Edelstahlzylindern. Produkt, das besonders f\u00fcr den Meeres- und Lebensmittelsektor verwendet wird.<\/p>\n","protected":false},"excerpt":{"rendered":"<p>Das schwei\u00dfbare Anschlussgewinde der Serie CBSX ist eine Komponente, die f\u00fcr die Ausf\u00fchrung von einfach- und doppelwirkenden Zylindern geeignet ist. Aus rostfreiem Stahl AISI 316 ausgef\u00fchrt, auf die Zylinderlaufbuchse oder den Zylinderboden angeschwei\u00dft, erm\u00f6glicht den \u00d6leinlass in Edelstahlzylindern. Produkt, das besonders f\u00fcr den Meeres- und Lebensmittelsektor verwendet wird.<\/p>\n","protected":false},"featured_media":0,"template":"","product_brand":[],"product_cat":[522],"product_tag":[],"class_list":{"0":"post-40137","1":"product","2":"type-product","3":"status-publish","5":"product_cat-komponenten-aus-rostfreiem-stahl","6":"odd","8":"first","9":"instock","10":"shipping-taxable","11":"product-type-simple"},"_links":{"self":[{"href":"https:\/\/contarini.net\/de\/wp-json\/wp\/v2\/product\/40137","targetHints":{"allow":["GET"]}}],"collection":[{"href":"https:\/\/contarini.net\/de\/wp-json\/wp\/v2\/product"}],"about":[{"href":"https:\/\/contarini.net\/de\/wp-json\/wp\/v2\/types\/product"}],"wp:attachment":[{"href":"https:\/\/contarini.net\/de\/wp-json\/wp\/v2\/media?parent=40137"}],"wp:term":[{"taxonomy":"product_brand","embeddable":true,"href":"https:\/\/contarini.net\/de\/wp-json\/wp\/v2\/product_brand?post=40137"},{"taxonomy":"product_cat","embeddable":true,"href":"https:\/\/contarini.net\/de\/wp-json\/wp\/v2\/product_cat?post=40137"},{"taxonomy":"product_tag","embeddable":true,"href":"https:\/\/contarini.net\/de\/wp-json\/wp\/v2\/product_tag?post=40137"}],"curies":[{"name":"wp","href":"https:\/\/api.w.org\/{rel}","templated":true}]}}