{"id":40116,"date":"2016-09-06T17:08:37","date_gmt":"2016-09-06T15:08:37","guid":{"rendered":"https:\/\/contarini.net\/de\/produkt\/cfin-de\/"},"modified":"2016-09-06T17:08:38","modified_gmt":"2016-09-06T15:08:38","slug":"cfin-de","status":"publish","type":"product","link":"https:\/\/contarini.net\/de\/produkt\/cfin-de\/","title":{"rendered":"ZYLINDERBODEN IN ZOLL TYP CFIN"},"content":{"rendered":"<p>Der Boden in Zoll Serie CFIN ist ein Halbfabrikat, geeignet f\u00fcr die Realisierung von einfachwirkenden und doppelwirkenden Hydraulikzylindern. Produziert aus Stahl Fe510C, erm\u00f6glicht die Produktion von geschwei\u00dften Zylindern mit allen Abmessungen in Zoll. Ein sehr flexibles Produkt, das in dem Mobil-, Agrar- und Industriegebiet besonders gebraucht wird.<\/p>\n","protected":false},"excerpt":{"rendered":"<p>Der Boden in Zoll Serie CFIN ist ein Halbfabrikat, geeignet f\u00fcr die Realisierung von einfachwirkenden und doppelwirkenden Hydraulikzylindern. Produziert aus Stahl Fe510C, erm\u00f6glicht die Produktion von geschwei\u00dften Zylindern mit allen Abmessungen in Zoll. Ein sehr flexibles Produkt, das in dem Mobil-, Agrar- und Industriegebiet besonders gebraucht wird.<\/p>\n","protected":false},"featured_media":0,"template":"","product_brand":[],"product_cat":[519],"product_tag":[],"class_list":{"0":"post-40116","1":"product","2":"type-product","3":"status-publish","5":"product_cat-komponenten-in-zoll","6":"odd","8":"first","9":"instock","10":"shipping-taxable","11":"product-type-simple"},"_links":{"self":[{"href":"https:\/\/contarini.net\/de\/wp-json\/wp\/v2\/product\/40116","targetHints":{"allow":["GET"]}}],"collection":[{"href":"https:\/\/contarini.net\/de\/wp-json\/wp\/v2\/product"}],"about":[{"href":"https:\/\/contarini.net\/de\/wp-json\/wp\/v2\/types\/product"}],"wp:attachment":[{"href":"https:\/\/contarini.net\/de\/wp-json\/wp\/v2\/media?parent=40116"}],"wp:term":[{"taxonomy":"product_brand","embeddable":true,"href":"https:\/\/contarini.net\/de\/wp-json\/wp\/v2\/product_brand?post=40116"},{"taxonomy":"product_cat","embeddable":true,"href":"https:\/\/contarini.net\/de\/wp-json\/wp\/v2\/product_cat?post=40116"},{"taxonomy":"product_tag","embeddable":true,"href":"https:\/\/contarini.net\/de\/wp-json\/wp\/v2\/product_tag?post=40116"}],"curies":[{"name":"wp","href":"https:\/\/api.w.org\/{rel}","templated":true}]}}