{"id":40110,"date":"2016-09-06T17:08:35","date_gmt":"2016-09-06T15:08:35","guid":{"rendered":"https:\/\/contarini.net\/de\/produkt\/cgin-de\/"},"modified":"2016-09-06T17:08:36","modified_gmt":"2016-09-06T15:08:36","slug":"cgin-de","status":"publish","type":"product","link":"https:\/\/contarini.net\/de\/produkt\/cgin-de\/","title":{"rendered":"KOLBENSTANGENF\u00dcHRUNG IN ZOLL TYP CGIN"},"content":{"rendered":"<p>Die Kolbenstangenf\u00fchrung in Zoll Serie CGIN ist ein Halbfabrikat, geeignet f\u00fcr die Realisierung von einfachwirkenden und doppelwirkenden Hydraulikzylindern. Produziert aus Hydraulikguss G25, erm\u00f6glicht die Produktion von geschwei\u00dften Zylinder mit allen Abmessungen in Zoll. Ein sehr flexibles Produkt, das in dem Mobil-, Agrar- und Industriegebiet besonders gebraucht wird.<\/p>\n","protected":false},"excerpt":{"rendered":"<p>Die Kolbenstangenf\u00fchrung in Zoll Serie CGIN ist ein Halbfabrikat, geeignet f\u00fcr die Realisierung von einfachwirkenden und doppelwirkenden Hydraulikzylindern. Produziert aus Hydraulikguss G25, erm\u00f6glicht die Produktion von geschwei\u00dften Zylinder mit allen Abmessungen in Zoll. Ein sehr flexibles Produkt, das in dem Mobil-, Agrar- und Industriegebiet besonders gebraucht wird.<\/p>\n","protected":false},"featured_media":0,"template":"","product_brand":[],"product_cat":[519],"product_tag":[],"class_list":{"0":"post-40110","1":"product","2":"type-product","3":"status-publish","5":"product_cat-komponenten-in-zoll","6":"odd","8":"first","9":"instock","10":"shipping-taxable","11":"product-type-simple"},"_links":{"self":[{"href":"https:\/\/contarini.net\/de\/wp-json\/wp\/v2\/product\/40110","targetHints":{"allow":["GET"]}}],"collection":[{"href":"https:\/\/contarini.net\/de\/wp-json\/wp\/v2\/product"}],"about":[{"href":"https:\/\/contarini.net\/de\/wp-json\/wp\/v2\/types\/product"}],"wp:attachment":[{"href":"https:\/\/contarini.net\/de\/wp-json\/wp\/v2\/media?parent=40110"}],"wp:term":[{"taxonomy":"product_brand","embeddable":true,"href":"https:\/\/contarini.net\/de\/wp-json\/wp\/v2\/product_brand?post=40110"},{"taxonomy":"product_cat","embeddable":true,"href":"https:\/\/contarini.net\/de\/wp-json\/wp\/v2\/product_cat?post=40110"},{"taxonomy":"product_tag","embeddable":true,"href":"https:\/\/contarini.net\/de\/wp-json\/wp\/v2\/product_tag?post=40110"}],"curies":[{"name":"wp","href":"https:\/\/api.w.org\/{rel}","templated":true}]}}