{"id":40107,"date":"2016-09-06T17:08:33","date_gmt":"2016-09-06T15:08:33","guid":{"rendered":"https:\/\/contarini.net\/de\/produkt\/cbagf-de\/"},"modified":"2016-09-06T17:08:34","modified_gmt":"2016-09-06T15:08:34","slug":"cbagf-de","status":"publish","type":"product","link":"https:\/\/contarini.net\/de\/produkt\/cbagf-de\/","title":{"rendered":"EINSATZGEH\u00c4RTETE UND GESCHLIFFENE BUCHSE TYP CBAGF"},"content":{"rendered":"<p>Die einsatzgeh\u00e4rtete und geschliffene Buchse Serie CBAGF wird als Abnutzungsschutz aller Gelenksysteme mit niedriger Rotationsgeschwindigkeit und hohem spezifischem Druck, wo Tr\u00e4ger, Wellen, Zapfen, Verbundsschrauben leitcht ersetzbar sind. Es ist vorgeschlagen, Zapfen oder Wellen mit Oberfl\u00e4chenh\u00e4rtung zu behandeln (das Material C45 kann ausreichend sein) und sie mit Toleranz h7 zu bearbeiten. F\u00fcr die korrekte Montage unserer Buchsen schlagen wir die Bearbeitung der entsprechenden Sitze mit Toleranz H7 (max. H8) vor.<\/p>\n","protected":false},"excerpt":{"rendered":"<p>Die einsatzgeh\u00e4rtete und geschliffene Buchse Serie CBAGF wird als Abnutzungsschutz aller Gelenksysteme mit niedriger Rotationsgeschwindigkeit und hohem spezifischem Druck, wo Tr\u00e4ger, Wellen, Zapfen, Verbundsschrauben leitcht ersetzbar sind. Es ist vorgeschlagen, Zapfen oder Wellen mit Oberfl\u00e4chenh\u00e4rtung zu behandeln (das Material C45 kann ausreichend sein) und sie mit Toleranz h7 zu bearbeiten. F\u00fcr die korrekte Montage unserer Buchsen schlagen wir die Bearbeitung [&hellip;]<\/p>\n","protected":false},"featured_media":0,"template":"","product_brand":[],"product_cat":[516],"product_tag":[],"class_list":{"0":"post-40107","1":"product","2":"type-product","3":"status-publish","5":"product_cat-selbstschmierende-und-einsatzgehaertete-buchsen","6":"odd","8":"first","9":"instock","10":"shipping-taxable","11":"product-type-simple"},"_links":{"self":[{"href":"https:\/\/contarini.net\/de\/wp-json\/wp\/v2\/product\/40107","targetHints":{"allow":["GET"]}}],"collection":[{"href":"https:\/\/contarini.net\/de\/wp-json\/wp\/v2\/product"}],"about":[{"href":"https:\/\/contarini.net\/de\/wp-json\/wp\/v2\/types\/product"}],"wp:attachment":[{"href":"https:\/\/contarini.net\/de\/wp-json\/wp\/v2\/media?parent=40107"}],"wp:term":[{"taxonomy":"product_brand","embeddable":true,"href":"https:\/\/contarini.net\/de\/wp-json\/wp\/v2\/product_brand?post=40107"},{"taxonomy":"product_cat","embeddable":true,"href":"https:\/\/contarini.net\/de\/wp-json\/wp\/v2\/product_cat?post=40107"},{"taxonomy":"product_tag","embeddable":true,"href":"https:\/\/contarini.net\/de\/wp-json\/wp\/v2\/product_tag?post=40107"}],"curies":[{"name":"wp","href":"https:\/\/api.w.org\/{rel}","templated":true}]}}