{"id":40104,"date":"2016-09-06T17:08:32","date_gmt":"2016-09-06T15:08:32","guid":{"rendered":"https:\/\/contarini.net\/de\/produkt\/akx-de\/"},"modified":"2016-09-06T17:08:33","modified_gmt":"2016-09-06T15:08:33","slug":"akx-de","status":"publish","type":"product","link":"https:\/\/contarini.net\/de\/produkt\/akx-de\/","title":{"rendered":"SELBSTSCHMIERENDE BUCHSE TYP AKX"},"content":{"rendered":"<p>Die selbstschmierende Buchse Serie ADU ist ein Lager, von W\u00e4nden aus Verbundwerkstoff in drei Schichten gewickelt: einen Rahmen aus Stahl, eine Zwischenschicht von por\u00f6sen Sinterbronzepartikel und eine kalandrierte Oberfl\u00e4chenschicht aus PTFE und Pb. Diese Buchsen haben einen niedrigen Reibungskoeffizient, sind abnutzungs- und korrosionsbest\u00e4ndig, k\u00f6nnen ohne Schmierung oder mit sehr weniges Schmiermittel, wenn n\u00f6tig, benutzt werden. Kosten, Vibrationen und L\u00e4rm costi, sind auch sehr beschr\u00e4nkt. Die Buchse ADU wird in vielen Gleitelementen benutzt, f\u00fcr verschiedene Maschinen, wie z.B.: Textilmaschinen, Maschinen f\u00fcr die Tabakbearbeitung, Hydraulikfahrzeuge, Autos, Land- und Forstmaschinen, usw. Die selbstschmierende Serie AKX ist eine Buchse mit begrenzter Schmierung aus Verbundwerkstoff in drei verbundenen Schichten: einen Rahmen aus Stahl, eine Zwischenschicht aus Sinterbronze-Kugelpulver und eine Innenschicht aus modifiziertem POM. Geeignet f\u00fcr niedrige Geschwindigkeiten, hohe Belastungen und normale Temperaturen. Erm\u00f6glicht eine Kostenersparung und verl\u00e4ngert die Dauer des Komponenten zum Ersatz f\u00fcr die \u00fcblichen Kupferh\u00fclsen. Die Buchse AKX wird f\u00fcr Rahmen, Schmiedemaschinen, Bergbaumaschinen, Bautechnik, Kraftwerke, Walzwerke, usw.<\/p>\n","protected":false},"excerpt":{"rendered":"<p>Die selbstschmierende Buchse Serie ADU ist ein Lager, von W\u00e4nden aus Verbundwerkstoff in drei Schichten gewickelt: einen Rahmen aus Stahl, eine Zwischenschicht von por\u00f6sen Sinterbronzepartikel und eine kalandrierte Oberfl\u00e4chenschicht aus PTFE und Pb. Diese Buchsen haben einen niedrigen Reibungskoeffizient, sind abnutzungs- und korrosionsbest\u00e4ndig, k\u00f6nnen ohne Schmierung oder mit sehr weniges Schmiermittel, wenn n\u00f6tig, benutzt werden. Kosten, Vibrationen und L\u00e4rm costi, [&hellip;]<\/p>\n","protected":false},"featured_media":0,"template":"","product_brand":[],"product_cat":[516],"product_tag":[],"class_list":{"0":"post-40104","1":"product","2":"type-product","3":"status-publish","5":"product_cat-selbstschmierende-und-einsatzgehaertete-buchsen","6":"odd","8":"first","9":"instock","10":"shipping-taxable","11":"product-type-simple"},"_links":{"self":[{"href":"https:\/\/contarini.net\/de\/wp-json\/wp\/v2\/product\/40104","targetHints":{"allow":["GET"]}}],"collection":[{"href":"https:\/\/contarini.net\/de\/wp-json\/wp\/v2\/product"}],"about":[{"href":"https:\/\/contarini.net\/de\/wp-json\/wp\/v2\/types\/product"}],"wp:attachment":[{"href":"https:\/\/contarini.net\/de\/wp-json\/wp\/v2\/media?parent=40104"}],"wp:term":[{"taxonomy":"product_brand","embeddable":true,"href":"https:\/\/contarini.net\/de\/wp-json\/wp\/v2\/product_brand?post=40104"},{"taxonomy":"product_cat","embeddable":true,"href":"https:\/\/contarini.net\/de\/wp-json\/wp\/v2\/product_cat?post=40104"},{"taxonomy":"product_tag","embeddable":true,"href":"https:\/\/contarini.net\/de\/wp-json\/wp\/v2\/product_tag?post=40104"}],"curies":[{"name":"wp","href":"https:\/\/api.w.org\/{rel}","templated":true}]}}