{"id":40095,"date":"2016-09-06T17:08:29","date_gmt":"2016-09-06T15:08:29","guid":{"rendered":"https:\/\/contarini.net\/de\/produkt\/csgr-de\/"},"modified":"2016-09-06T17:08:29","modified_gmt":"2016-09-06T15:08:29","slug":"csgr-de","status":"publish","type":"product","link":"https:\/\/contarini.net\/de\/produkt\/csgr-de\/","title":{"rendered":"SCHWEISSBARER OBERHAKEN &#8222;RAPID&#8220; TYP CSGR"},"content":{"rendered":"<p>Der schwei\u00dfbare Oberlenker der Serie CSGR ist aus verg\u00fctetem Stahl vom Typ 35CrMn5 gefertigt. Dieser Abschluss erm\u00f6glicht eine schnelle Abkopplung des Zylinders vom Traktor.  Das Gelenklager kann an Zylinder, die f\u00fcr die Verwendung im Landwirtschaftsbereich bestimmt sind, geschwei\u00dft werden.<\/p>\n","protected":false},"excerpt":{"rendered":"<p>Der schwei\u00dfbare Oberlenker der Serie CSGR ist aus verg\u00fctetem Stahl vom Typ 35CrMn5 gefertigt. Dieser Abschluss erm\u00f6glicht eine schnelle Abkopplung des Zylinders vom Traktor. Das Gelenklager kann an Zylinder, die f\u00fcr die Verwendung im Landwirtschaftsbereich bestimmt sind, geschwei\u00dft werden.<\/p>\n","protected":false},"featured_media":0,"template":"","product_brand":[],"product_cat":[513],"product_tag":[],"class_list":{"0":"post-40095","1":"product","2":"type-product","3":"status-publish","5":"product_cat-schwingende-enden-und-landwirtschaftliche-gelenkkoepfe","6":"odd","8":"first","9":"instock","10":"shipping-taxable","11":"product-type-simple"},"_links":{"self":[{"href":"https:\/\/contarini.net\/de\/wp-json\/wp\/v2\/product\/40095","targetHints":{"allow":["GET"]}}],"collection":[{"href":"https:\/\/contarini.net\/de\/wp-json\/wp\/v2\/product"}],"about":[{"href":"https:\/\/contarini.net\/de\/wp-json\/wp\/v2\/types\/product"}],"wp:attachment":[{"href":"https:\/\/contarini.net\/de\/wp-json\/wp\/v2\/media?parent=40095"}],"wp:term":[{"taxonomy":"product_brand","embeddable":true,"href":"https:\/\/contarini.net\/de\/wp-json\/wp\/v2\/product_brand?post=40095"},{"taxonomy":"product_cat","embeddable":true,"href":"https:\/\/contarini.net\/de\/wp-json\/wp\/v2\/product_cat?post=40095"},{"taxonomy":"product_tag","embeddable":true,"href":"https:\/\/contarini.net\/de\/wp-json\/wp\/v2\/product_tag?post=40095"}],"curies":[{"name":"wp","href":"https:\/\/api.w.org\/{rel}","templated":true}]}}