{"id":40086,"date":"2016-09-06T17:08:26","date_gmt":"2016-09-06T15:08:26","guid":{"rendered":"https:\/\/contarini.net\/de\/produkt\/csr-de\/"},"modified":"2016-09-06T17:08:26","modified_gmt":"2016-09-06T15:08:26","slug":"csr-de","status":"publish","type":"product","link":"https:\/\/contarini.net\/de\/produkt\/csr-de\/","title":{"rendered":"SCHWEISSBARER GELENKKOPF &#8211; LANDWIRTSCHAFTLICHER TYP CSR"},"content":{"rendered":"<p>Der schwei\u00dfbare Gelenkkopf der Serie CSR ist eine Kombination aus einem Gelenklager aus Stahl und einem K\u00f6rper aus Stahl vom Typ C 40 DIN EN 10083-1. Das Lager ist durch Verstemmung am K\u00f6rper fixiert.  Das Gelenklager kann an Zylinder, die f\u00fcr die Verwendung im Landwirtschaftsbereich bestimmt sind, geschwei\u00dft werden.<\/p>\n","protected":false},"excerpt":{"rendered":"<p>Der schwei\u00dfbare Gelenkkopf der Serie CSR ist eine Kombination aus einem Gelenklager aus Stahl und einem K\u00f6rper aus Stahl vom Typ C 40 DIN EN 10083-1. Das Lager ist durch Verstemmung am K\u00f6rper fixiert. Das Gelenklager kann an Zylinder, die f\u00fcr die Verwendung im Landwirtschaftsbereich bestimmt sind, geschwei\u00dft werden.<\/p>\n","protected":false},"featured_media":0,"template":"","product_brand":[],"product_cat":[513],"product_tag":[],"class_list":{"0":"post-40086","1":"product","2":"type-product","3":"status-publish","5":"product_cat-schwingende-enden-und-landwirtschaftliche-gelenkkoepfe","6":"odd","8":"first","9":"instock","10":"shipping-taxable","11":"product-type-simple"},"_links":{"self":[{"href":"https:\/\/contarini.net\/de\/wp-json\/wp\/v2\/product\/40086","targetHints":{"allow":["GET"]}}],"collection":[{"href":"https:\/\/contarini.net\/de\/wp-json\/wp\/v2\/product"}],"about":[{"href":"https:\/\/contarini.net\/de\/wp-json\/wp\/v2\/types\/product"}],"wp:attachment":[{"href":"https:\/\/contarini.net\/de\/wp-json\/wp\/v2\/media?parent=40086"}],"wp:term":[{"taxonomy":"product_brand","embeddable":true,"href":"https:\/\/contarini.net\/de\/wp-json\/wp\/v2\/product_brand?post=40086"},{"taxonomy":"product_cat","embeddable":true,"href":"https:\/\/contarini.net\/de\/wp-json\/wp\/v2\/product_cat?post=40086"},{"taxonomy":"product_tag","embeddable":true,"href":"https:\/\/contarini.net\/de\/wp-json\/wp\/v2\/product_tag?post=40086"}],"curies":[{"name":"wp","href":"https:\/\/api.w.org\/{rel}","templated":true}]}}