{"id":40083,"date":"2016-09-06T17:08:25","date_gmt":"2016-09-06T15:08:25","guid":{"rendered":"https:\/\/contarini.net\/de\/produkt\/csb0017-de\/"},"modified":"2016-09-06T17:08:25","modified_gmt":"2016-09-06T15:08:25","slug":"csb0017-de","status":"publish","type":"product","link":"https:\/\/contarini.net\/de\/produkt\/csb0017-de\/","title":{"rendered":"SCHWINGENDES ENDE TYP CSB00017.."},"content":{"rendered":"<p>Das schwingendes Ende Serie CSB00017.. ist aus Stahl UNI C40. Besteht aus einem geh\u00e4rteten Teil und einem langem Schalt, der in eine gebohrene Stange eingef\u00fchrt und mechanisch blockiert bzw. geschwei\u00dft wird. Die Aulage ist durch einen Seger gehalten. Besonders gebraucht bei den St\u00fctzzylindern.<\/p>\n","protected":false},"excerpt":{"rendered":"<p>Das schwingendes Ende Serie CSB00017.. ist aus Stahl UNI C40. Besteht aus einem geh\u00e4rteten Teil und einem langem Schalt, der in eine gebohrene Stange eingef\u00fchrt und mechanisch blockiert bzw. geschwei\u00dft wird. Die Aulage ist durch einen Seger gehalten. Besonders gebraucht bei den St\u00fctzzylindern.<\/p>\n","protected":false},"featured_media":0,"template":"","product_brand":[],"product_cat":[513],"product_tag":[],"class_list":{"0":"post-40083","1":"product","2":"type-product","3":"status-publish","5":"product_cat-schwingende-enden-und-landwirtschaftliche-gelenkkoepfe","6":"odd","8":"first","9":"instock","10":"shipping-taxable","11":"product-type-simple"},"_links":{"self":[{"href":"https:\/\/contarini.net\/de\/wp-json\/wp\/v2\/product\/40083","targetHints":{"allow":["GET"]}}],"collection":[{"href":"https:\/\/contarini.net\/de\/wp-json\/wp\/v2\/product"}],"about":[{"href":"https:\/\/contarini.net\/de\/wp-json\/wp\/v2\/types\/product"}],"wp:attachment":[{"href":"https:\/\/contarini.net\/de\/wp-json\/wp\/v2\/media?parent=40083"}],"wp:term":[{"taxonomy":"product_brand","embeddable":true,"href":"https:\/\/contarini.net\/de\/wp-json\/wp\/v2\/product_brand?post=40083"},{"taxonomy":"product_cat","embeddable":true,"href":"https:\/\/contarini.net\/de\/wp-json\/wp\/v2\/product_cat?post=40083"},{"taxonomy":"product_tag","embeddable":true,"href":"https:\/\/contarini.net\/de\/wp-json\/wp\/v2\/product_tag?post=40083"}],"curies":[{"name":"wp","href":"https:\/\/api.w.org\/{rel}","templated":true}]}}