{"id":40032,"date":"2016-09-06T17:07:43","date_gmt":"2016-09-06T15:07:43","guid":{"rendered":"https:\/\/contarini.net\/de\/produkt\/cstfe-uk-de\/"},"modified":"2016-09-06T17:07:44","modified_gmt":"2016-09-06T15:07:44","slug":"cstfe-uk-de","status":"publish","type":"product","link":"https:\/\/contarini.net\/de\/produkt\/cstfe-uk-de\/","title":{"rendered":"WARTUNGSFREIES NACHSCHMIERBARER TYP CSTFE..UK"},"content":{"rendered":"<p>Die nachschmierbaren Gelenkk\u00f6pfe der Serie CSTFE..UK sind aus C45-Stahl (verzinkt) gefertigt und verf\u00fcgen \u00fcber ein Innengewinde nach DIN ISO 12240-4, Serie E Typ M. Das Kugelgelenk ist eine Kombination von Stahl und gesinterter PTFE-haltiger Bronze. Sie m\u00fcssen nicht geschmiert werden. Anwendung f\u00fcr normale Funktionsbedingungen (einseitige Belastung und begrenzt wechselnd &#8211; langsame Bewegung, f\u00fcr kleine bis mittlere Pendelwinkel).<\/p>\n","protected":false},"excerpt":{"rendered":"<p>Die nachschmierbaren Gelenkk\u00f6pfe der Serie CSTFE..UK sind aus C45-Stahl (verzinkt) gefertigt und verf\u00fcgen \u00fcber ein Innengewinde nach DIN ISO 12240-4, Serie E Typ M. Das Kugelgelenk ist eine Kombination von Stahl und gesinterter PTFE-haltiger Bronze. Sie m\u00fcssen nicht geschmiert werden. Anwendung f\u00fcr normale Funktionsbedingungen (einseitige Belastung und begrenzt wechselnd &#8211; langsame Bewegung, f\u00fcr kleine bis mittlere Pendelwinkel).<\/p>\n","protected":false},"featured_media":0,"template":"","product_brand":[],"product_cat":[507],"product_tag":[],"class_list":{"0":"post-40032","1":"product","2":"type-product","3":"status-publish","5":"product_cat-industrielle-gelenkkoepfe","6":"odd","8":"first","9":"instock","10":"shipping-taxable","11":"product-type-simple"},"_links":{"self":[{"href":"https:\/\/contarini.net\/de\/wp-json\/wp\/v2\/product\/40032","targetHints":{"allow":["GET"]}}],"collection":[{"href":"https:\/\/contarini.net\/de\/wp-json\/wp\/v2\/product"}],"about":[{"href":"https:\/\/contarini.net\/de\/wp-json\/wp\/v2\/types\/product"}],"wp:attachment":[{"href":"https:\/\/contarini.net\/de\/wp-json\/wp\/v2\/media?parent=40032"}],"wp:term":[{"taxonomy":"product_brand","embeddable":true,"href":"https:\/\/contarini.net\/de\/wp-json\/wp\/v2\/product_brand?post=40032"},{"taxonomy":"product_cat","embeddable":true,"href":"https:\/\/contarini.net\/de\/wp-json\/wp\/v2\/product_cat?post=40032"},{"taxonomy":"product_tag","embeddable":true,"href":"https:\/\/contarini.net\/de\/wp-json\/wp\/v2\/product_tag?post=40032"}],"curies":[{"name":"wp","href":"https:\/\/api.w.org\/{rel}","templated":true}]}}