{"id":40026,"date":"2016-09-06T17:07:41","date_gmt":"2016-09-06T15:07:41","guid":{"rendered":"https:\/\/contarini.net\/de\/produkt\/cstfe-do-de\/"},"modified":"2016-09-06T17:07:41","modified_gmt":"2016-09-06T15:07:41","slug":"cstfe-do-de","status":"publish","type":"product","link":"https:\/\/contarini.net\/de\/produkt\/cstfe-do-de\/","title":{"rendered":"NACHSCHMIERBARER GELENKKOPF TYP CSTFE..DO"},"content":{"rendered":"<p>Der nachschmierbare Gelenkkopf Serie CSTFE..DO e DO-2RS sind aus Stahl C 45 (verzinkt) mit Aussengewinde (verf\u00fcgbar auch mit Linksgewinde). Diese Gelenkk\u00f6pfe nach ISO 12240-4, Serie und Typ M, sind durch einen Schmierer oder eine Bohrung nachschmierbar und k\u00f6nnen mit Kugelgelenk Ausf\u00fcrhrung 2RS und mit verst\u00e4rktem Gewinde geliefert werden. Siehe verst\u00e4rkten Typ \u00d8 40-80. Die Ausf\u00fchrung 2RS sieht eine Gummi-Schutzdichtung vor. Besonders geeignet bei Bedingungen mit Wechselbelastungen, Schlagbelastungen. Langes Registrierungsgewinde.<\/p>\n","protected":false},"excerpt":{"rendered":"<p>Der nachschmierbare Gelenkkopf Serie CSTFE..DO e DO-2RS sind aus Stahl C 45 (verzinkt) mit Aussengewinde (verf\u00fcgbar auch mit Linksgewinde). Diese Gelenkk\u00f6pfe nach ISO 12240-4, Serie und Typ M, sind durch einen Schmierer oder eine Bohrung nachschmierbar und k\u00f6nnen mit Kugelgelenk Ausf\u00fcrhrung 2RS und mit verst\u00e4rktem Gewinde geliefert werden. Siehe verst\u00e4rkten Typ \u00d8 40-80. Die Ausf\u00fchrung 2RS sieht eine Gummi-Schutzdichtung vor. [&hellip;]<\/p>\n","protected":false},"featured_media":0,"template":"","product_brand":[],"product_cat":[507],"product_tag":[],"class_list":{"0":"post-40026","1":"product","2":"type-product","3":"status-publish","5":"product_cat-industrielle-gelenkkoepfe","6":"odd","8":"first","9":"instock","10":"shipping-taxable","11":"product-type-simple"},"_links":{"self":[{"href":"https:\/\/contarini.net\/de\/wp-json\/wp\/v2\/product\/40026","targetHints":{"allow":["GET"]}}],"collection":[{"href":"https:\/\/contarini.net\/de\/wp-json\/wp\/v2\/product"}],"about":[{"href":"https:\/\/contarini.net\/de\/wp-json\/wp\/v2\/types\/product"}],"wp:attachment":[{"href":"https:\/\/contarini.net\/de\/wp-json\/wp\/v2\/media?parent=40026"}],"wp:term":[{"taxonomy":"product_brand","embeddable":true,"href":"https:\/\/contarini.net\/de\/wp-json\/wp\/v2\/product_brand?post=40026"},{"taxonomy":"product_cat","embeddable":true,"href":"https:\/\/contarini.net\/de\/wp-json\/wp\/v2\/product_cat?post=40026"},{"taxonomy":"product_tag","embeddable":true,"href":"https:\/\/contarini.net\/de\/wp-json\/wp\/v2\/product_tag?post=40026"}],"curies":[{"name":"wp","href":"https:\/\/api.w.org\/{rel}","templated":true}]}}