{"id":40023,"date":"2016-09-06T17:07:40","date_gmt":"2016-09-06T15:07:40","guid":{"rendered":"https:\/\/contarini.net\/de\/produkt\/cstapr-s-de\/"},"modified":"2016-09-06T17:07:40","modified_gmt":"2016-09-06T15:07:40","slug":"cstapr-s-de","status":"publish","type":"product","link":"https:\/\/contarini.net\/de\/produkt\/cstapr-s-de\/","title":{"rendered":"NACHSCHMIERBARER GELENKKOPF TYP CSTAPR..S"},"content":{"rendered":"<p>Der nachschmierbare Gelenkkopf der Serie CSTAPR..S  verf\u00fcgt \u00fcber ein Innengewinde gem\u00e4\u00df DIN 24555 &#8211; ISO 8133. Der K\u00f6rper ist aus C45-Stahl. Das Kugelgelenk entspricht der DIN ISO 12240-1 und ist am Kopf mit zweiseitiger Ringverstemmung fixiert, Serie E. Der Schaft ist klemmbar und kann mithilfe von zwei abgesenkten Sechskantschrauben (in den Ecken angeordnet und gem\u00e4\u00df DIN 912) das Gewinde blockieren. Er verf\u00fcgt \u00fcber einen Schmiernippel mit einem Durchmesser von 25 f\u00fcr die Schmierung des Gelenks.<\/p>\n","protected":false},"excerpt":{"rendered":"<p>Der nachschmierbare Gelenkkopf der Serie CSTAPR..S verf\u00fcgt \u00fcber ein Innengewinde gem\u00e4\u00df DIN 24555 &#8211; ISO 8133. Der K\u00f6rper ist aus C45-Stahl. Das Kugelgelenk entspricht der DIN ISO 12240-1 und ist am Kopf mit zweiseitiger Ringverstemmung fixiert, Serie E. Der Schaft ist klemmbar und kann mithilfe von zwei abgesenkten Sechskantschrauben (in den Ecken angeordnet und gem\u00e4\u00df DIN 912) das Gewinde blockieren. [&hellip;]<\/p>\n","protected":false},"featured_media":0,"template":"","product_brand":[],"product_cat":[507],"product_tag":[],"class_list":{"0":"post-40023","1":"product","2":"type-product","3":"status-publish","5":"product_cat-industrielle-gelenkkoepfe","6":"odd","8":"first","9":"instock","10":"shipping-taxable","11":"product-type-simple"},"_links":{"self":[{"href":"https:\/\/contarini.net\/de\/wp-json\/wp\/v2\/product\/40023","targetHints":{"allow":["GET"]}}],"collection":[{"href":"https:\/\/contarini.net\/de\/wp-json\/wp\/v2\/product"}],"about":[{"href":"https:\/\/contarini.net\/de\/wp-json\/wp\/v2\/types\/product"}],"wp:attachment":[{"href":"https:\/\/contarini.net\/de\/wp-json\/wp\/v2\/media?parent=40023"}],"wp:term":[{"taxonomy":"product_brand","embeddable":true,"href":"https:\/\/contarini.net\/de\/wp-json\/wp\/v2\/product_brand?post=40023"},{"taxonomy":"product_cat","embeddable":true,"href":"https:\/\/contarini.net\/de\/wp-json\/wp\/v2\/product_cat?post=40023"},{"taxonomy":"product_tag","embeddable":true,"href":"https:\/\/contarini.net\/de\/wp-json\/wp\/v2\/product_tag?post=40023"}],"curies":[{"name":"wp","href":"https:\/\/api.w.org\/{rel}","templated":true}]}}