{"id":40020,"date":"2016-09-06T17:07:39","date_gmt":"2016-09-06T15:07:39","guid":{"rendered":"https:\/\/contarini.net\/de\/produkt\/cstapr-ugas-de\/"},"modified":"2016-09-06T17:07:39","modified_gmt":"2016-09-06T15:07:39","slug":"cstapr-ugas-de","status":"publish","type":"product","link":"https:\/\/contarini.net\/de\/produkt\/cstapr-ugas-de\/","title":{"rendered":"NACHSCHMIERBARER GELENKKOPF TYP CSTAPR..UGAS"},"content":{"rendered":"<p>Der nachschmierbare Gelenkkopf der Serie CSTAPR   UGAS verf\u00fcgt \u00fcber ein massives, langes Innengewinde das sich durch einen gr\u00f6\u00dferen Anlenkabstand als die Typen CSTAPR\u2026U und CSTAPR\u2026N auszeichnet. Der K\u00f6rper besteht f\u00fcr die Gr\u00f6\u00dfen bis 60 aus gestanztem C45-Stahl und ab der Gr\u00f6\u00dfe 70 aus Sph\u00e4roguss. Sein Kugelgelenk entspricht der Norm DIN ISO 12240-1, Serie E, und ist am Kopf mit Sprengringen befestigt. Er verf\u00fcgt \u00fcber einen Schmiernippel mit einem Gas-Gewinde f\u00fcr die Schmierung. Der Schaft ist klemmbar und kann mithilfe von zwei abgesenkten Sechskantschrauben (gem\u00e4\u00df DIN 912) das Gewinde blockieren.<\/p>\n","protected":false},"excerpt":{"rendered":"<p>Der nachschmierbare Gelenkkopf der Serie CSTAPR UGAS verf\u00fcgt \u00fcber ein massives, langes Innengewinde das sich durch einen gr\u00f6\u00dferen Anlenkabstand als die Typen CSTAPR\u2026U und CSTAPR\u2026N auszeichnet. Der K\u00f6rper besteht f\u00fcr die Gr\u00f6\u00dfen bis 60 aus gestanztem C45-Stahl und ab der Gr\u00f6\u00dfe 70 aus Sph\u00e4roguss. Sein Kugelgelenk entspricht der Norm DIN ISO 12240-1, Serie E, und ist am Kopf mit Sprengringen [&hellip;]<\/p>\n","protected":false},"featured_media":0,"template":"","product_brand":[],"product_cat":[507],"product_tag":[],"class_list":{"0":"post-40020","1":"product","2":"type-product","3":"status-publish","5":"product_cat-industrielle-gelenkkoepfe","6":"odd","8":"first","9":"instock","10":"shipping-taxable","11":"product-type-simple"},"_links":{"self":[{"href":"https:\/\/contarini.net\/de\/wp-json\/wp\/v2\/product\/40020","targetHints":{"allow":["GET"]}}],"collection":[{"href":"https:\/\/contarini.net\/de\/wp-json\/wp\/v2\/product"}],"about":[{"href":"https:\/\/contarini.net\/de\/wp-json\/wp\/v2\/types\/product"}],"wp:attachment":[{"href":"https:\/\/contarini.net\/de\/wp-json\/wp\/v2\/media?parent=40020"}],"wp:term":[{"taxonomy":"product_brand","embeddable":true,"href":"https:\/\/contarini.net\/de\/wp-json\/wp\/v2\/product_brand?post=40020"},{"taxonomy":"product_cat","embeddable":true,"href":"https:\/\/contarini.net\/de\/wp-json\/wp\/v2\/product_cat?post=40020"},{"taxonomy":"product_tag","embeddable":true,"href":"https:\/\/contarini.net\/de\/wp-json\/wp\/v2\/product_tag?post=40020"}],"curies":[{"name":"wp","href":"https:\/\/api.w.org\/{rel}","templated":true}]}}