{"id":40017,"date":"2016-09-06T17:07:37","date_gmt":"2016-09-06T15:07:37","guid":{"rendered":"https:\/\/contarini.net\/de\/produkt\/cstapr-n-de\/"},"modified":"2016-09-06T17:07:38","modified_gmt":"2016-09-06T15:07:38","slug":"cstapr-n-de","status":"publish","type":"product","link":"https:\/\/contarini.net\/de\/produkt\/cstapr-n-de\/","title":{"rendered":"NACHSCHMIERBARER GELENKKOPF TYP CSTAPR..N"},"content":{"rendered":"<p>Der nachschmierbare Gelenkkopf Serie CSTAPR..N hat ein massives Innengewinde &#8211; kurzes Gewinde. K\u00f6rper aus Gesenkstahl C 45. Ab \u00d8 90 ist der K\u00f6rper aus Sp\u00e4hroguss. Kugegelenk nach ISO 12240-1, Serie E , am Kopf durch elastische Ringe fixiert. Mit Schmierer. Gelenkkopf mit bestimmter Form f\u00fcr Hydraulikzylinder. Der massive Aufbau erm\u00f6glicht minimale Einbauma\u00dfe mit maximale Nutzung des Hubs.<\/p>\n","protected":false},"excerpt":{"rendered":"<p>Der nachschmierbare Gelenkkopf Serie CSTAPR..N hat ein massives Innengewinde &#8211; kurzes Gewinde. K\u00f6rper aus Gesenkstahl C 45. Ab \u00d8 90 ist der K\u00f6rper aus Sp\u00e4hroguss. Kugegelenk nach ISO 12240-1, Serie E , am Kopf durch elastische Ringe fixiert. Mit Schmierer. Gelenkkopf mit bestimmter Form f\u00fcr Hydraulikzylinder. Der massive Aufbau erm\u00f6glicht minimale Einbauma\u00dfe mit maximale Nutzung des Hubs.<\/p>\n","protected":false},"featured_media":0,"template":"","product_brand":[],"product_cat":[507],"product_tag":[],"class_list":{"0":"post-40017","1":"product","2":"type-product","3":"status-publish","5":"product_cat-industrielle-gelenkkoepfe","6":"odd","8":"first","9":"instock","10":"shipping-taxable","11":"product-type-simple"},"_links":{"self":[{"href":"https:\/\/contarini.net\/de\/wp-json\/wp\/v2\/product\/40017","targetHints":{"allow":["GET"]}}],"collection":[{"href":"https:\/\/contarini.net\/de\/wp-json\/wp\/v2\/product"}],"about":[{"href":"https:\/\/contarini.net\/de\/wp-json\/wp\/v2\/types\/product"}],"wp:attachment":[{"href":"https:\/\/contarini.net\/de\/wp-json\/wp\/v2\/media?parent=40017"}],"wp:term":[{"taxonomy":"product_brand","embeddable":true,"href":"https:\/\/contarini.net\/de\/wp-json\/wp\/v2\/product_brand?post=40017"},{"taxonomy":"product_cat","embeddable":true,"href":"https:\/\/contarini.net\/de\/wp-json\/wp\/v2\/product_cat?post=40017"},{"taxonomy":"product_tag","embeddable":true,"href":"https:\/\/contarini.net\/de\/wp-json\/wp\/v2\/product_tag?post=40017"}],"curies":[{"name":"wp","href":"https:\/\/api.w.org\/{rel}","templated":true}]}}