{"id":40011,"date":"2016-09-06T17:07:35","date_gmt":"2016-09-06T15:07:35","guid":{"rendered":"https:\/\/contarini.net\/de\/produkt\/cstapr-ce-de\/"},"modified":"2016-09-06T17:07:35","modified_gmt":"2016-09-06T15:07:35","slug":"cstapr-ce-de","status":"publish","type":"product","link":"https:\/\/contarini.net\/de\/produkt\/cstapr-ce-de\/","title":{"rendered":"NACHSCHMIERBARER GELENKKOPF TYP CSTAPR..CE"},"content":{"rendered":"<p>Der nachschmierbare Gelenkkopf Serie CSTAPR..CE hat ein l\u00e4ngeres Innengewinde als die Serie CSTAPR&#8230; N und CSTAPR &#8230;U entsprechend DIN 24338 &#8211; ISO 6982. K\u00f6rper aus Gesenkstahl C 45. Ab \u00d870 ist der K\u00f6rper aus Sp\u00e4hroguss. Kukelgelenk nach ISO 12240-1, Serie W, am Kopf durch elastische Ringe fixiert. Spaltenschaft, der das Gewinde durch zwei Innensechskantschraube blockiert, nach DIN 912. Mit Schmierer. Gelenkkopf nach DIN 24338 f\u00fcr Hydraulikzylinder nach CETOP RP 58 H und DIN 24333 -24336 und ISO 6020\/1- 6022<\/p>\n","protected":false},"excerpt":{"rendered":"<p>Der nachschmierbare Gelenkkopf Serie CSTAPR..CE hat ein l\u00e4ngeres Innengewinde als die Serie CSTAPR&#8230; N und CSTAPR &#8230;U entsprechend DIN 24338 &#8211; ISO 6982. K\u00f6rper aus Gesenkstahl C 45. Ab \u00d870 ist der K\u00f6rper aus Sp\u00e4hroguss. Kukelgelenk nach ISO 12240-1, Serie W, am Kopf durch elastische Ringe fixiert. Spaltenschaft, der das Gewinde durch zwei Innensechskantschraube blockiert, nach DIN 912. Mit Schmierer. [&hellip;]<\/p>\n","protected":false},"featured_media":0,"template":"","product_brand":[],"product_cat":[507],"product_tag":[],"class_list":{"0":"post-40011","1":"product","2":"type-product","3":"status-publish","5":"product_cat-industrielle-gelenkkoepfe","6":"odd","8":"first","9":"instock","10":"shipping-taxable","11":"product-type-simple"},"_links":{"self":[{"href":"https:\/\/contarini.net\/de\/wp-json\/wp\/v2\/product\/40011","targetHints":{"allow":["GET"]}}],"collection":[{"href":"https:\/\/contarini.net\/de\/wp-json\/wp\/v2\/product"}],"about":[{"href":"https:\/\/contarini.net\/de\/wp-json\/wp\/v2\/types\/product"}],"wp:attachment":[{"href":"https:\/\/contarini.net\/de\/wp-json\/wp\/v2\/media?parent=40011"}],"wp:term":[{"taxonomy":"product_brand","embeddable":true,"href":"https:\/\/contarini.net\/de\/wp-json\/wp\/v2\/product_brand?post=40011"},{"taxonomy":"product_cat","embeddable":true,"href":"https:\/\/contarini.net\/de\/wp-json\/wp\/v2\/product_cat?post=40011"},{"taxonomy":"product_tag","embeddable":true,"href":"https:\/\/contarini.net\/de\/wp-json\/wp\/v2\/product_tag?post=40011"}],"curies":[{"name":"wp","href":"https:\/\/api.w.org\/{rel}","templated":true}]}}