{"id":40005,"date":"2016-09-06T17:07:33","date_gmt":"2016-09-06T15:07:33","guid":{"rendered":"https:\/\/contarini.net\/de\/produkt\/csts-n-de\/"},"modified":"2016-09-06T17:07:33","modified_gmt":"2016-09-06T15:07:33","slug":"csts-n-de","status":"publish","type":"product","link":"https:\/\/contarini.net\/de\/produkt\/csts-n-de\/","title":{"rendered":"NACHSCHMIERBARER GELENKKOPF TYP CSTS..N"},"content":{"rendered":"<p>Der Gelenkkopf Serie TS..N ist aus Stahl S355JR UNI EN 10025 produziert. Hat eine rechteckige Basis und ist ohne Zentrierungsstift. Kugelgelenk nach ISO 12240-1 Abmessungen-Serie E, am Kopf durch elastische Ringe fixiert. Mit Schmierer ab \u00d8 20. Sehr massiver Gelenkkopf kann am Zylinderboden geschwei\u00dft werden, und ist f\u00fcr Anlagen, Systeme oder andere geschwei\u00dfte Eins\u00e4tze geeignet.<\/p>\n","protected":false},"excerpt":{"rendered":"<p>Der Gelenkkopf Serie TS..N ist aus Stahl S355JR UNI EN 10025 produziert. Hat eine rechteckige Basis und ist ohne Zentrierungsstift. Kugelgelenk nach ISO 12240-1 Abmessungen-Serie E, am Kopf durch elastische Ringe fixiert. Mit Schmierer ab \u00d8 20. Sehr massiver Gelenkkopf kann am Zylinderboden geschwei\u00dft werden, und ist f\u00fcr Anlagen, Systeme oder andere geschwei\u00dfte Eins\u00e4tze geeignet.<\/p>\n","protected":false},"featured_media":0,"template":"","product_brand":[],"product_cat":[507],"product_tag":[],"class_list":{"0":"post-40005","1":"product","2":"type-product","3":"status-publish","5":"product_cat-industrielle-gelenkkoepfe","6":"odd","8":"first","9":"instock","10":"shipping-taxable","11":"product-type-simple"},"_links":{"self":[{"href":"https:\/\/contarini.net\/de\/wp-json\/wp\/v2\/product\/40005","targetHints":{"allow":["GET"]}}],"collection":[{"href":"https:\/\/contarini.net\/de\/wp-json\/wp\/v2\/product"}],"about":[{"href":"https:\/\/contarini.net\/de\/wp-json\/wp\/v2\/types\/product"}],"wp:attachment":[{"href":"https:\/\/contarini.net\/de\/wp-json\/wp\/v2\/media?parent=40005"}],"wp:term":[{"taxonomy":"product_brand","embeddable":true,"href":"https:\/\/contarini.net\/de\/wp-json\/wp\/v2\/product_brand?post=40005"},{"taxonomy":"product_cat","embeddable":true,"href":"https:\/\/contarini.net\/de\/wp-json\/wp\/v2\/product_cat?post=40005"},{"taxonomy":"product_tag","embeddable":true,"href":"https:\/\/contarini.net\/de\/wp-json\/wp\/v2\/product_tag?post=40005"}],"curies":[{"name":"wp","href":"https:\/\/api.w.org\/{rel}","templated":true}]}}