{"id":40002,"date":"2016-09-06T17:07:32","date_gmt":"2016-09-06T15:07:32","guid":{"rendered":"https:\/\/contarini.net\/de\/produkt\/csts-c-de\/"},"modified":"2016-09-06T17:07:32","modified_gmt":"2016-09-06T15:07:32","slug":"csts-c-de","status":"publish","type":"product","link":"https:\/\/contarini.net\/de\/produkt\/csts-c-de\/","title":{"rendered":"NACHSCHMIERBARER GELENKKOPF TYP CSTS..C"},"content":{"rendered":"<p>Der Gelenkkopf Serie TS..C hat eine runde Schweissbasis. Kugelgelenk anch ISO 12240-4, Serie E, Form M. K\u00f6rper aus Stahl S355JR UNI EN 10025 mit Zentrierungsstift und Schweissfase auf 45\u00b0. Das Kugelgelenk ist an dem Kopf mit zweiseitiger Ringverstemmung fixiert. Mit Schmierer ab \u00d8 25. Billige L\u00f6sung f\u00fcr runde Gelenkk\u00f6pfe. Sowohl an der Stange als auch am Boden des Zylinders schweissbar.<\/p>\n","protected":false},"excerpt":{"rendered":"<p>Der Gelenkkopf Serie TS..C hat eine runde Schweissbasis. Kugelgelenk anch ISO 12240-4, Serie E, Form M. K\u00f6rper aus Stahl S355JR UNI EN 10025 mit Zentrierungsstift und Schweissfase auf 45\u00b0. Das Kugelgelenk ist an dem Kopf mit zweiseitiger Ringverstemmung fixiert. Mit Schmierer ab \u00d8 25. Billige L\u00f6sung f\u00fcr runde Gelenkk\u00f6pfe. Sowohl an der Stange als auch am Boden des Zylinders schweissbar.<\/p>\n","protected":false},"featured_media":0,"template":"","product_brand":[],"product_cat":[507],"product_tag":[],"class_list":{"0":"post-40002","1":"product","2":"type-product","3":"status-publish","5":"product_cat-industrielle-gelenkkoepfe","6":"odd","8":"first","9":"instock","10":"shipping-taxable","11":"product-type-simple"},"_links":{"self":[{"href":"https:\/\/contarini.net\/de\/wp-json\/wp\/v2\/product\/40002","targetHints":{"allow":["GET"]}}],"collection":[{"href":"https:\/\/contarini.net\/de\/wp-json\/wp\/v2\/product"}],"about":[{"href":"https:\/\/contarini.net\/de\/wp-json\/wp\/v2\/types\/product"}],"wp:attachment":[{"href":"https:\/\/contarini.net\/de\/wp-json\/wp\/v2\/media?parent=40002"}],"wp:term":[{"taxonomy":"product_brand","embeddable":true,"href":"https:\/\/contarini.net\/de\/wp-json\/wp\/v2\/product_brand?post=40002"},{"taxonomy":"product_cat","embeddable":true,"href":"https:\/\/contarini.net\/de\/wp-json\/wp\/v2\/product_cat?post=40002"},{"taxonomy":"product_tag","embeddable":true,"href":"https:\/\/contarini.net\/de\/wp-json\/wp\/v2\/product_tag?post=40002"}],"curies":[{"name":"wp","href":"https:\/\/api.w.org\/{rel}","templated":true}]}}