{"id":39999,"date":"2016-09-06T17:07:30","date_gmt":"2016-09-06T15:07:30","guid":{"rendered":"https:\/\/contarini.net\/de\/produkt\/ge-fw2rs-de\/"},"modified":"2016-09-06T17:07:31","modified_gmt":"2016-09-06T15:07:31","slug":"ge-fw2rs-de","status":"publish","type":"product","link":"https:\/\/contarini.net\/de\/produkt\/ge-fw2rs-de\/","title":{"rendered":"WARTUNGSFREIES RADIALGELENKLAGER TYP GE..FW2RS"},"content":{"rendered":"<p>Das Radialgelenklager der Serie GE  FW2RS ist wartungsfrei.   Da es die gleichen Merkmale wie der Typ GE  UK 2RS aufweist, jedoch der Innenring weiter und der Au\u00dfendurchmesser gr\u00f6\u00dfer ist, bietet es einen gr\u00f6\u00dferen Kippwinkel.<\/p>\n","protected":false},"excerpt":{"rendered":"<p>Das Radialgelenklager der Serie GE FW2RS ist wartungsfrei. Da es die gleichen Merkmale wie der Typ GE UK 2RS aufweist, jedoch der Innenring weiter und der Au\u00dfendurchmesser gr\u00f6\u00dfer ist, bietet es einen gr\u00f6\u00dferen Kippwinkel.<\/p>\n","protected":false},"featured_media":0,"template":"","product_brand":[],"product_cat":[504],"product_tag":[],"class_list":{"0":"post-39999","1":"product","2":"type-product","3":"status-publish","5":"product_cat-ge-gelenklager","6":"odd","8":"first","9":"instock","10":"shipping-taxable","11":"product-type-simple"},"_links":{"self":[{"href":"https:\/\/contarini.net\/de\/wp-json\/wp\/v2\/product\/39999","targetHints":{"allow":["GET"]}}],"collection":[{"href":"https:\/\/contarini.net\/de\/wp-json\/wp\/v2\/product"}],"about":[{"href":"https:\/\/contarini.net\/de\/wp-json\/wp\/v2\/types\/product"}],"wp:attachment":[{"href":"https:\/\/contarini.net\/de\/wp-json\/wp\/v2\/media?parent=39999"}],"wp:term":[{"taxonomy":"product_brand","embeddable":true,"href":"https:\/\/contarini.net\/de\/wp-json\/wp\/v2\/product_brand?post=39999"},{"taxonomy":"product_cat","embeddable":true,"href":"https:\/\/contarini.net\/de\/wp-json\/wp\/v2\/product_cat?post=39999"},{"taxonomy":"product_tag","embeddable":true,"href":"https:\/\/contarini.net\/de\/wp-json\/wp\/v2\/product_tag?post=39999"}],"curies":[{"name":"wp","href":"https:\/\/api.w.org\/{rel}","templated":true}]}}