{"id":39990,"date":"2016-09-06T17:07:27","date_gmt":"2016-09-06T15:07:27","guid":{"rendered":"https:\/\/contarini.net\/de\/produkt\/ge-uk-de\/"},"modified":"2016-09-06T17:07:28","modified_gmt":"2016-09-06T15:07:28","slug":"ge-uk-de","status":"publish","type":"product","link":"https:\/\/contarini.net\/de\/produkt\/ge-uk-de\/","title":{"rendered":"WARTUNGSFREIES RADIALGELENKLAGER TYP GE..UK"},"content":{"rendered":"<p>Der Radialgelenklager Serie GE..UK ist wartungsfrei. Der Au\u00dfenring dieses Gelenkkopfs besteht aus Stahl mit einer am Innenteil des Rings gepressten Schleifbuchse aus Sinterbronze mit PTFE. Der Innenring ist geh\u00e4rtet, mit Arbeitsfl\u00e4che aus Hartchrom. Besonders geeignet bei Eins\u00e4tzen mit einseitigen, konstanten Belastungen, ohne Schlagbelastungen (z.B.: Hebevorrichtungen, Gelenkkopf f\u00fcr Hydraulikzylinder).<\/p>\n","protected":false},"excerpt":{"rendered":"<p>Der Radialgelenklager Serie GE..UK ist wartungsfrei. Der Au\u00dfenring dieses Gelenkkopfs besteht aus Stahl mit einer am Innenteil des Rings gepressten Schleifbuchse aus Sinterbronze mit PTFE. Der Innenring ist geh\u00e4rtet, mit Arbeitsfl\u00e4che aus Hartchrom. Besonders geeignet bei Eins\u00e4tzen mit einseitigen, konstanten Belastungen, ohne Schlagbelastungen (z.B.: Hebevorrichtungen, Gelenkkopf f\u00fcr Hydraulikzylinder).<\/p>\n","protected":false},"featured_media":0,"template":"","product_brand":[],"product_cat":[504],"product_tag":[],"class_list":{"0":"post-39990","1":"product","2":"type-product","3":"status-publish","5":"product_cat-ge-gelenklager","6":"odd","8":"first","9":"instock","10":"shipping-taxable","11":"product-type-simple"},"_links":{"self":[{"href":"https:\/\/contarini.net\/de\/wp-json\/wp\/v2\/product\/39990","targetHints":{"allow":["GET"]}}],"collection":[{"href":"https:\/\/contarini.net\/de\/wp-json\/wp\/v2\/product"}],"about":[{"href":"https:\/\/contarini.net\/de\/wp-json\/wp\/v2\/types\/product"}],"wp:attachment":[{"href":"https:\/\/contarini.net\/de\/wp-json\/wp\/v2\/media?parent=39990"}],"wp:term":[{"taxonomy":"product_brand","embeddable":true,"href":"https:\/\/contarini.net\/de\/wp-json\/wp\/v2\/product_brand?post=39990"},{"taxonomy":"product_cat","embeddable":true,"href":"https:\/\/contarini.net\/de\/wp-json\/wp\/v2\/product_cat?post=39990"},{"taxonomy":"product_tag","embeddable":true,"href":"https:\/\/contarini.net\/de\/wp-json\/wp\/v2\/product_tag?post=39990"}],"curies":[{"name":"wp","href":"https:\/\/api.w.org\/{rel}","templated":true}]}}