{"id":39987,"date":"2016-09-06T17:07:26","date_gmt":"2016-09-06T15:07:26","guid":{"rendered":"https:\/\/contarini.net\/de\/produkt\/ge-fo2rs-de\/"},"modified":"2016-09-06T17:07:27","modified_gmt":"2016-09-06T15:07:27","slug":"ge-fo2rs-de","status":"publish","type":"product","link":"https:\/\/contarini.net\/de\/produkt\/ge-fo2rs-de\/","title":{"rendered":"WARTUNGSBED\u00dcRFTIGES RADIALGELENKLAGER TYP GE..FO2RS"},"content":{"rendered":"<p>Der Radialgelenklager Serie GE..FO2RS hat die selben Merkmale der Serie GE..DO aber mit einem breiteren Innenring und einem gr\u00f6\u00dferen Au\u00dfendurchmesser: das erm\u00f6glicht einen gr\u00f6\u00dferen Kippwinkel. Hat auch eine Gummi-Schutzdichtung 2RS. Dieser Typ von Gelenkkopf ben\u00f6tigt Wartung. Besonders geeignet f\u00fcr Eins\u00e4tze, wo einen gr\u00f6\u00dfen Kippwinkel erfordert ist.<\/p>\n","protected":false},"excerpt":{"rendered":"<p>Der Radialgelenklager Serie GE..FO2RS hat die selben Merkmale der Serie GE..DO aber mit einem breiteren Innenring und einem gr\u00f6\u00dferen Au\u00dfendurchmesser: das erm\u00f6glicht einen gr\u00f6\u00dferen Kippwinkel. Hat auch eine Gummi-Schutzdichtung 2RS. Dieser Typ von Gelenkkopf ben\u00f6tigt Wartung. Besonders geeignet f\u00fcr Eins\u00e4tze, wo einen gr\u00f6\u00dfen Kippwinkel erfordert ist.<\/p>\n","protected":false},"featured_media":0,"template":"","product_brand":[],"product_cat":[504],"product_tag":[],"class_list":{"0":"post-39987","1":"product","2":"type-product","3":"status-publish","5":"product_cat-ge-gelenklager","6":"odd","8":"first","9":"instock","10":"shipping-taxable","11":"product-type-simple"},"_links":{"self":[{"href":"https:\/\/contarini.net\/de\/wp-json\/wp\/v2\/product\/39987","targetHints":{"allow":["GET"]}}],"collection":[{"href":"https:\/\/contarini.net\/de\/wp-json\/wp\/v2\/product"}],"about":[{"href":"https:\/\/contarini.net\/de\/wp-json\/wp\/v2\/types\/product"}],"wp:attachment":[{"href":"https:\/\/contarini.net\/de\/wp-json\/wp\/v2\/media?parent=39987"}],"wp:term":[{"taxonomy":"product_brand","embeddable":true,"href":"https:\/\/contarini.net\/de\/wp-json\/wp\/v2\/product_brand?post=39987"},{"taxonomy":"product_cat","embeddable":true,"href":"https:\/\/contarini.net\/de\/wp-json\/wp\/v2\/product_cat?post=39987"},{"taxonomy":"product_tag","embeddable":true,"href":"https:\/\/contarini.net\/de\/wp-json\/wp\/v2\/product_tag?post=39987"}],"curies":[{"name":"wp","href":"https:\/\/api.w.org\/{rel}","templated":true}]}}