{"id":39981,"date":"2016-09-06T17:07:24","date_gmt":"2016-09-06T15:07:24","guid":{"rendered":"https:\/\/contarini.net\/de\/produkt\/ge-ho2rs-de\/"},"modified":"2016-09-06T17:07:25","modified_gmt":"2016-09-06T15:07:25","slug":"ge-ho2rs-de","status":"publish","type":"product","link":"https:\/\/contarini.net\/de\/produkt\/ge-ho2rs-de\/","title":{"rendered":"WARTUNGSBED\u00dcRFTIGES RADIALGELENKLAGER TYP GE..HO2RS"},"content":{"rendered":"<p>Der Radialgelenklager Serie GE..HO2RS hat die selben Merkmale der Serie GE&#8230;DO &#8211; (2RS), davon unterscheidet sich wegen besonderen zylinderischen Verl\u00e4ngerungen auf beide Seiten des Innenrings. Hat auch eine Gummi-Schutzdichtung 2RS. Dieser Typ von Gelenkkopf ben\u00f6tigt Wartung. Benutzt bei \u00e4hnlichen Eins\u00e4tzen wie die Serie GE .. DO -2RS aber vor allem bei den Eins\u00e4tzen, wo Distanzringe auf den beiden Seiten des Innenrings n\u00f6tig sind.<\/p>\n","protected":false},"excerpt":{"rendered":"<p>Der Radialgelenklager Serie GE..HO2RS hat die selben Merkmale der Serie GE&#8230;DO &#8211; (2RS), davon unterscheidet sich wegen besonderen zylinderischen Verl\u00e4ngerungen auf beide Seiten des Innenrings. Hat auch eine Gummi-Schutzdichtung 2RS. Dieser Typ von Gelenkkopf ben\u00f6tigt Wartung. Benutzt bei \u00e4hnlichen Eins\u00e4tzen wie die Serie GE .. DO -2RS aber vor allem bei den Eins\u00e4tzen, wo Distanzringe auf den beiden Seiten des [&hellip;]<\/p>\n","protected":false},"featured_media":0,"template":"","product_brand":[],"product_cat":[504],"product_tag":[],"class_list":{"0":"post-39981","1":"product","2":"type-product","3":"status-publish","5":"product_cat-ge-gelenklager","6":"odd","8":"first","9":"instock","10":"shipping-taxable","11":"product-type-simple"},"_links":{"self":[{"href":"https:\/\/contarini.net\/de\/wp-json\/wp\/v2\/product\/39981","targetHints":{"allow":["GET"]}}],"collection":[{"href":"https:\/\/contarini.net\/de\/wp-json\/wp\/v2\/product"}],"about":[{"href":"https:\/\/contarini.net\/de\/wp-json\/wp\/v2\/types\/product"}],"wp:attachment":[{"href":"https:\/\/contarini.net\/de\/wp-json\/wp\/v2\/media?parent=39981"}],"wp:term":[{"taxonomy":"product_brand","embeddable":true,"href":"https:\/\/contarini.net\/de\/wp-json\/wp\/v2\/product_brand?post=39981"},{"taxonomy":"product_cat","embeddable":true,"href":"https:\/\/contarini.net\/de\/wp-json\/wp\/v2\/product_cat?post=39981"},{"taxonomy":"product_tag","embeddable":true,"href":"https:\/\/contarini.net\/de\/wp-json\/wp\/v2\/product_tag?post=39981"}],"curies":[{"name":"wp","href":"https:\/\/api.w.org\/{rel}","templated":true}]}}