{"id":39978,"date":"2016-09-06T17:07:23","date_gmt":"2016-09-06T15:07:23","guid":{"rendered":"https:\/\/contarini.net\/de\/produkt\/ge-lo-de\/"},"modified":"2016-09-06T17:07:24","modified_gmt":"2016-09-06T15:07:24","slug":"ge-lo-de","status":"publish","type":"product","link":"https:\/\/contarini.net\/de\/produkt\/ge-lo-de\/","title":{"rendered":"WARTUNGSBED\u00dcRFTIGES RADIALGELENKLAGER TYP GE..LO"},"content":{"rendered":"<p>Der Radialgelenklager Serie GE..LO besteht aus einem Innenring und aus einem Au\u00dfenring aus geh\u00e4rtetem Stahl. Hat auch eine Gummi-Schutzdichtung 2RS. Der Au\u00dfenring hat einen Axialri\u00df f\u00fcr die Montage des Innenrings. Unterscheidet sich von der Serie GE..DO wegen besonderen zylinderischen Verl\u00e4ngerungen auf beide Seiten des Innenrings, so dass der Bohrungsdurchmesser immer der Breite des Innenrings entspricht. Realisiert vor allem um die Norm DIN 24 338 zu erf\u00fcllen. Dieser Typ von Gelenkkopf ben\u00f6tigt Wartung. Geeignet f\u00fcr alle Zylinder nach CETOP und DIN 24 333 u. DIN 24 336, ISO 6020\/I u. ISO 6022.<\/p>\n","protected":false},"excerpt":{"rendered":"<p>Der Radialgelenklager Serie GE..LO besteht aus einem Innenring und aus einem Au\u00dfenring aus geh\u00e4rtetem Stahl. Hat auch eine Gummi-Schutzdichtung 2RS. Der Au\u00dfenring hat einen Axialri\u00df f\u00fcr die Montage des Innenrings. Unterscheidet sich von der Serie GE..DO wegen besonderen zylinderischen Verl\u00e4ngerungen auf beide Seiten des Innenrings, so dass der Bohrungsdurchmesser immer der Breite des Innenrings entspricht. Realisiert vor allem um die [&hellip;]<\/p>\n","protected":false},"featured_media":0,"template":"","product_brand":[],"product_cat":[504],"product_tag":[],"class_list":{"0":"post-39978","1":"product","2":"type-product","3":"status-publish","5":"product_cat-ge-gelenklager","6":"odd","8":"first","9":"instock","10":"shipping-taxable","11":"product-type-simple"},"_links":{"self":[{"href":"https:\/\/contarini.net\/de\/wp-json\/wp\/v2\/product\/39978","targetHints":{"allow":["GET"]}}],"collection":[{"href":"https:\/\/contarini.net\/de\/wp-json\/wp\/v2\/product"}],"about":[{"href":"https:\/\/contarini.net\/de\/wp-json\/wp\/v2\/types\/product"}],"wp:attachment":[{"href":"https:\/\/contarini.net\/de\/wp-json\/wp\/v2\/media?parent=39978"}],"wp:term":[{"taxonomy":"product_brand","embeddable":true,"href":"https:\/\/contarini.net\/de\/wp-json\/wp\/v2\/product_brand?post=39978"},{"taxonomy":"product_cat","embeddable":true,"href":"https:\/\/contarini.net\/de\/wp-json\/wp\/v2\/product_cat?post=39978"},{"taxonomy":"product_tag","embeddable":true,"href":"https:\/\/contarini.net\/de\/wp-json\/wp\/v2\/product_tag?post=39978"}],"curies":[{"name":"wp","href":"https:\/\/api.w.org\/{rel}","templated":true}]}}