{"id":39975,"date":"2016-09-06T17:07:22","date_gmt":"2016-09-06T15:07:22","guid":{"rendered":"https:\/\/contarini.net\/de\/produkt\/ge-do2rs-de\/"},"modified":"2016-09-06T17:07:22","modified_gmt":"2016-09-06T15:07:22","slug":"ge-do2rs-de","status":"publish","type":"product","link":"https:\/\/contarini.net\/de\/produkt\/ge-do2rs-de\/","title":{"rendered":"WARTUNGSBED\u00dcRFTIGES RADIALGELENKLAGER TYP GE..DO2RS"},"content":{"rendered":"<p>Der Radialgelenklager Serie GE..DO2RS besteht aus einem Innenring und aus einem Au\u00dfenring aus geh\u00e4rtetem Stahl. Hat auch eine Gummi-Schutzdichtung 2RS. Der Au\u00dfenring hat einen Axialri\u00df f\u00fcr die Montage des Innenrings. Dieser Typ von Gelenkkopf ben\u00f6tigt Wartung. Besonders geeignet bei Bedingungen mit Wechselbelastungen, Schlagbelastungen.<\/p>\n","protected":false},"excerpt":{"rendered":"<p>Der Radialgelenklager Serie GE..DO2RS besteht aus einem Innenring und aus einem Au\u00dfenring aus geh\u00e4rtetem Stahl. Hat auch eine Gummi-Schutzdichtung 2RS. Der Au\u00dfenring hat einen Axialri\u00df f\u00fcr die Montage des Innenrings. Dieser Typ von Gelenkkopf ben\u00f6tigt Wartung. Besonders geeignet bei Bedingungen mit Wechselbelastungen, Schlagbelastungen.<\/p>\n","protected":false},"featured_media":0,"template":"","product_brand":[],"product_cat":[504],"product_tag":[],"class_list":{"0":"post-39975","1":"product","2":"type-product","3":"status-publish","5":"product_cat-ge-gelenklager","6":"odd","8":"first","9":"instock","10":"shipping-taxable","11":"product-type-simple"},"_links":{"self":[{"href":"https:\/\/contarini.net\/de\/wp-json\/wp\/v2\/product\/39975","targetHints":{"allow":["GET"]}}],"collection":[{"href":"https:\/\/contarini.net\/de\/wp-json\/wp\/v2\/product"}],"about":[{"href":"https:\/\/contarini.net\/de\/wp-json\/wp\/v2\/types\/product"}],"wp:attachment":[{"href":"https:\/\/contarini.net\/de\/wp-json\/wp\/v2\/media?parent=39975"}],"wp:term":[{"taxonomy":"product_brand","embeddable":true,"href":"https:\/\/contarini.net\/de\/wp-json\/wp\/v2\/product_brand?post=39975"},{"taxonomy":"product_cat","embeddable":true,"href":"https:\/\/contarini.net\/de\/wp-json\/wp\/v2\/product_cat?post=39975"},{"taxonomy":"product_tag","embeddable":true,"href":"https:\/\/contarini.net\/de\/wp-json\/wp\/v2\/product_tag?post=39975"}],"curies":[{"name":"wp","href":"https:\/\/api.w.org\/{rel}","templated":true}]}}