{"id":39972,"date":"2016-09-06T17:07:21","date_gmt":"2016-09-06T15:07:21","guid":{"rendered":"https:\/\/contarini.net\/de\/produkt\/ge-do-de\/"},"modified":"2016-09-06T17:07:21","modified_gmt":"2016-09-06T15:07:21","slug":"ge-do-de","status":"publish","type":"product","link":"https:\/\/contarini.net\/de\/produkt\/ge-do-de\/","title":{"rendered":"WARTUNGSBED\u00dcRFTIGES RADIALGELENKLAGER TYP GE..DO"},"content":{"rendered":"<p>Der Radialgelenklager Serie GE..DO besteht aus einem Innenring und aus einem Au\u00dfenring aus geh\u00e4rtetem Stahl. Der Au\u00dfenring hat einen Axialri\u00df f\u00fcr die Montage des Innenrings. Dieser Typ von Gelenkkopf ben\u00f6tigt Wartung. Besonders geeignet bei Bedingungen mit Wechselbelastungen, Schlagbelastungen.<\/p>\n","protected":false},"excerpt":{"rendered":"<p>Der Radialgelenklager Serie GE..DO besteht aus einem Innenring und aus einem Au\u00dfenring aus geh\u00e4rtetem Stahl. Der Au\u00dfenring hat einen Axialri\u00df f\u00fcr die Montage des Innenrings. Dieser Typ von Gelenkkopf ben\u00f6tigt Wartung. Besonders geeignet bei Bedingungen mit Wechselbelastungen, Schlagbelastungen.<\/p>\n","protected":false},"featured_media":0,"template":"","product_brand":[],"product_cat":[504],"product_tag":[],"class_list":{"0":"post-39972","1":"product","2":"type-product","3":"status-publish","5":"product_cat-ge-gelenklager","6":"odd","8":"first","9":"instock","10":"shipping-taxable","11":"product-type-simple"},"_links":{"self":[{"href":"https:\/\/contarini.net\/de\/wp-json\/wp\/v2\/product\/39972","targetHints":{"allow":["GET"]}}],"collection":[{"href":"https:\/\/contarini.net\/de\/wp-json\/wp\/v2\/product"}],"about":[{"href":"https:\/\/contarini.net\/de\/wp-json\/wp\/v2\/types\/product"}],"wp:attachment":[{"href":"https:\/\/contarini.net\/de\/wp-json\/wp\/v2\/media?parent=39972"}],"wp:term":[{"taxonomy":"product_brand","embeddable":true,"href":"https:\/\/contarini.net\/de\/wp-json\/wp\/v2\/product_brand?post=39972"},{"taxonomy":"product_cat","embeddable":true,"href":"https:\/\/contarini.net\/de\/wp-json\/wp\/v2\/product_cat?post=39972"},{"taxonomy":"product_tag","embeddable":true,"href":"https:\/\/contarini.net\/de\/wp-json\/wp\/v2\/product_tag?post=39972"}],"curies":[{"name":"wp","href":"https:\/\/api.w.org\/{rel}","templated":true}]}}