{"id":39966,"date":"2016-09-06T17:07:19","date_gmt":"2016-09-06T15:07:19","guid":{"rendered":"https:\/\/contarini.net\/de\/produkt\/cff-de\/"},"modified":"2016-09-06T17:07:19","modified_gmt":"2016-09-06T15:07:19","slug":"cff-de","status":"publish","type":"product","link":"https:\/\/contarini.net\/de\/produkt\/cff-de\/","title":{"rendered":"GABEL MIT GEWINDE TYP CFF"},"content":{"rendered":"<p>Die Gabel mit Gewinde Serie CFF ist eine Befestigung, die f\u00fcr die Realisierung von einfachwirkenden und doppelwirkenden Hydraulikzylindern geeignet ist. Produziert aus Stahl Fe360\/Fe360B, an der verchromten und speziell mit Gewinde bearbeiteten Kolbenstange geschraubt, erm\u00f6glicht eine Fixierung mit Zapfen (erm\u00f6glicht nicht eine Radialbewegung, sondern nur eine Rotationsbewegung auf der selben Achse). Geeignet f\u00fcr alle Gebiete.<\/p>\n","protected":false},"excerpt":{"rendered":"<p>Die Gabel mit Gewinde Serie CFF ist eine Befestigung, die f\u00fcr die Realisierung von einfachwirkenden und doppelwirkenden Hydraulikzylindern geeignet ist. Produziert aus Stahl Fe360\/Fe360B, an der verchromten und speziell mit Gewinde bearbeiteten Kolbenstange geschraubt, erm\u00f6glicht eine Fixierung mit Zapfen (erm\u00f6glicht nicht eine Radialbewegung, sondern nur eine Rotationsbewegung auf der selben Achse). Geeignet f\u00fcr alle Gebiete.<\/p>\n","protected":false},"featured_media":0,"template":"","product_brand":[],"product_cat":[501],"product_tag":[],"class_list":{"0":"post-39966","1":"product","2":"type-product","3":"status-publish","5":"product_cat-befestigungen","6":"odd","8":"first","9":"instock","10":"shipping-taxable","11":"product-type-simple"},"_links":{"self":[{"href":"https:\/\/contarini.net\/de\/wp-json\/wp\/v2\/product\/39966","targetHints":{"allow":["GET"]}}],"collection":[{"href":"https:\/\/contarini.net\/de\/wp-json\/wp\/v2\/product"}],"about":[{"href":"https:\/\/contarini.net\/de\/wp-json\/wp\/v2\/types\/product"}],"wp:attachment":[{"href":"https:\/\/contarini.net\/de\/wp-json\/wp\/v2\/media?parent=39966"}],"wp:term":[{"taxonomy":"product_brand","embeddable":true,"href":"https:\/\/contarini.net\/de\/wp-json\/wp\/v2\/product_brand?post=39966"},{"taxonomy":"product_cat","embeddable":true,"href":"https:\/\/contarini.net\/de\/wp-json\/wp\/v2\/product_cat?post=39966"},{"taxonomy":"product_tag","embeddable":true,"href":"https:\/\/contarini.net\/de\/wp-json\/wp\/v2\/product_tag?post=39966"}],"curies":[{"name":"wp","href":"https:\/\/api.w.org\/{rel}","templated":true}]}}