{"id":39963,"date":"2016-09-06T17:07:18","date_gmt":"2016-09-06T15:07:18","guid":{"rendered":"https:\/\/contarini.net\/de\/produkt\/cfs-de\/"},"modified":"2016-09-06T17:07:18","modified_gmt":"2016-09-06T15:07:18","slug":"cfs-de","status":"publish","type":"product","link":"https:\/\/contarini.net\/de\/produkt\/cfs-de\/","title":{"rendered":"SCHWEISSBARE GABEL TYP CFS"},"content":{"rendered":"<p>Die schwei\u00dfbare Gabel Serie CFS ist eine Befestigung, die f\u00fcr die Realisierung von einfachwirkenden und doppelwirkenden Hydraulikzylindern geeignet ist. Produziert aus Stahl Fe360\/Fe360B, am Boden oder an der verchromten Kolbenstange geschwei\u00dft, erm\u00f6glicht eine Fixierung mit Zapfen (erm\u00f6glicht nicht eine Radialbewegung, sondern nur eine Rotationsbewegung auf der selben Achse). Gebraucht in unseren Standardzylindern HM5. Geeignet f\u00fcr alle Gebiete.<\/p>\n","protected":false},"excerpt":{"rendered":"<p>Die schwei\u00dfbare Gabel Serie CFS ist eine Befestigung, die f\u00fcr die Realisierung von einfachwirkenden und doppelwirkenden Hydraulikzylindern geeignet ist. Produziert aus Stahl Fe360\/Fe360B, am Boden oder an der verchromten Kolbenstange geschwei\u00dft, erm\u00f6glicht eine Fixierung mit Zapfen (erm\u00f6glicht nicht eine Radialbewegung, sondern nur eine Rotationsbewegung auf der selben Achse). Gebraucht in unseren Standardzylindern HM5. Geeignet f\u00fcr alle Gebiete.<\/p>\n","protected":false},"featured_media":0,"template":"","product_brand":[],"product_cat":[501],"product_tag":[],"class_list":{"0":"post-39963","1":"product","2":"type-product","3":"status-publish","5":"product_cat-befestigungen","6":"odd","8":"first","9":"instock","10":"shipping-taxable","11":"product-type-simple"},"_links":{"self":[{"href":"https:\/\/contarini.net\/de\/wp-json\/wp\/v2\/product\/39963","targetHints":{"allow":["GET"]}}],"collection":[{"href":"https:\/\/contarini.net\/de\/wp-json\/wp\/v2\/product"}],"about":[{"href":"https:\/\/contarini.net\/de\/wp-json\/wp\/v2\/types\/product"}],"wp:attachment":[{"href":"https:\/\/contarini.net\/de\/wp-json\/wp\/v2\/media?parent=39963"}],"wp:term":[{"taxonomy":"product_brand","embeddable":true,"href":"https:\/\/contarini.net\/de\/wp-json\/wp\/v2\/product_brand?post=39963"},{"taxonomy":"product_cat","embeddable":true,"href":"https:\/\/contarini.net\/de\/wp-json\/wp\/v2\/product_cat?post=39963"},{"taxonomy":"product_tag","embeddable":true,"href":"https:\/\/contarini.net\/de\/wp-json\/wp\/v2\/product_tag?post=39963"}],"curies":[{"name":"wp","href":"https:\/\/api.w.org\/{rel}","templated":true}]}}