{"id":39954,"date":"2016-09-06T17:07:15","date_gmt":"2016-09-06T15:07:15","guid":{"rendered":"https:\/\/contarini.net\/de\/produkt\/cageg-de\/"},"modified":"2016-09-06T17:07:16","modified_gmt":"2016-09-06T15:07:16","slug":"cageg-de","status":"publish","type":"product","link":"https:\/\/contarini.net\/de\/produkt\/cageg-de\/","title":{"rendered":"SCHWEISSBARER RING F\u00dcR GELENKLAGER &#8222;GE&#8220; NICHT GESTEMMT &#8211; TYP &#8222;CAGEG&#8220;"},"content":{"rendered":"<p>Der schweissbare Ring f\u00fcr Gelenklager &#8222;GE&#8220; nicht gestemmt Serie CAGEG, besteht aus dem Standardring Serie CAGE und einem Radialgelenklager Serie GE\u2026DO, im Innenteil gepresst. Hat eine Bohrung f\u00fcr die Schmierung, wo man auch einen Schmierer montieren kann. Dieser Anschweiss-Gelenkkopf bietet eine st\u00e4rke und kompakte L\u00f6sung f\u00fcr die Eins\u00e4tze, wo ein klassischer Schmelze-Gelenkkopf nicht m\u00f6glich ist<\/p>\n","protected":false},"excerpt":{"rendered":"<p>Der schweissbare Ring f\u00fcr Gelenklager &#8222;GE&#8220; nicht gestemmt Serie CAGEG, besteht aus dem Standardring Serie CAGE und einem Radialgelenklager Serie GE\u2026DO, im Innenteil gepresst. Hat eine Bohrung f\u00fcr die Schmierung, wo man auch einen Schmierer montieren kann. Dieser Anschweiss-Gelenkkopf bietet eine st\u00e4rke und kompakte L\u00f6sung f\u00fcr die Eins\u00e4tze, wo ein klassischer Schmelze-Gelenkkopf nicht m\u00f6glich ist<\/p>\n","protected":false},"featured_media":0,"template":"","product_brand":[],"product_cat":[501],"product_tag":[],"class_list":{"0":"post-39954","1":"product","2":"type-product","3":"status-publish","5":"product_cat-befestigungen","6":"odd","8":"first","9":"instock","10":"shipping-taxable","11":"product-type-simple"},"_links":{"self":[{"href":"https:\/\/contarini.net\/de\/wp-json\/wp\/v2\/product\/39954","targetHints":{"allow":["GET"]}}],"collection":[{"href":"https:\/\/contarini.net\/de\/wp-json\/wp\/v2\/product"}],"about":[{"href":"https:\/\/contarini.net\/de\/wp-json\/wp\/v2\/types\/product"}],"wp:attachment":[{"href":"https:\/\/contarini.net\/de\/wp-json\/wp\/v2\/media?parent=39954"}],"wp:term":[{"taxonomy":"product_brand","embeddable":true,"href":"https:\/\/contarini.net\/de\/wp-json\/wp\/v2\/product_brand?post=39954"},{"taxonomy":"product_cat","embeddable":true,"href":"https:\/\/contarini.net\/de\/wp-json\/wp\/v2\/product_cat?post=39954"},{"taxonomy":"product_tag","embeddable":true,"href":"https:\/\/contarini.net\/de\/wp-json\/wp\/v2\/product_tag?post=39954"}],"curies":[{"name":"wp","href":"https:\/\/api.w.org\/{rel}","templated":true}]}}