{"id":39951,"date":"2016-09-06T17:07:15","date_gmt":"2016-09-06T15:07:15","guid":{"rendered":"https:\/\/contarini.net\/de\/produkt\/cage-de\/"},"modified":"2016-09-06T17:07:15","modified_gmt":"2016-09-06T15:07:15","slug":"cage-de","status":"publish","type":"product","link":"https:\/\/contarini.net\/de\/produkt\/cage-de\/","title":{"rendered":"SCHWEISSBARER RING F\u00dcR GELENKLAGER &#8222;GE&#8220;- TYP &#8222;CAGE&#8220;"},"content":{"rendered":"<p>Der schwei\u00dfbare Ring f\u00fcr Gelenklager &#8222;GE&#8220; Serie CAGE \/ CAGEN ist ein Komponent f\u00fcr die Realisierung von einfachwirkenden und doppelwirkenden Hydraulikzylindern. Produziert aus Stahl Fe510C, am Boden oder an der verchromten Kolbenstange geschwei\u00dft, und mit einem Gelenklager &#8222;GE&#8220;, erm\u00f6glicht eine leichte Fixierung mit Zapfen (erm\u00f6glicht eine Radialbewegung). Gebraucht in unseren Standardzylindern HMC. Besonders geeignet f\u00fcr den Mobil- und Industriebereich.<\/p>\n","protected":false},"excerpt":{"rendered":"<p>Der schwei\u00dfbare Ring f\u00fcr Gelenklager &#8222;GE&#8220; Serie CAGE \/ CAGEN ist ein Komponent f\u00fcr die Realisierung von einfachwirkenden und doppelwirkenden Hydraulikzylindern. Produziert aus Stahl Fe510C, am Boden oder an der verchromten Kolbenstange geschwei\u00dft, und mit einem Gelenklager &#8222;GE&#8220;, erm\u00f6glicht eine leichte Fixierung mit Zapfen (erm\u00f6glicht eine Radialbewegung). Gebraucht in unseren Standardzylindern HMC. Besonders geeignet f\u00fcr den Mobil- und Industriebereich.<\/p>\n","protected":false},"featured_media":0,"template":"","product_brand":[],"product_cat":[501],"product_tag":[],"class_list":{"0":"post-39951","1":"product","2":"type-product","3":"status-publish","5":"product_cat-befestigungen","6":"odd","8":"first","9":"instock","10":"shipping-taxable","11":"product-type-simple"},"_links":{"self":[{"href":"https:\/\/contarini.net\/de\/wp-json\/wp\/v2\/product\/39951","targetHints":{"allow":["GET"]}}],"collection":[{"href":"https:\/\/contarini.net\/de\/wp-json\/wp\/v2\/product"}],"about":[{"href":"https:\/\/contarini.net\/de\/wp-json\/wp\/v2\/types\/product"}],"wp:attachment":[{"href":"https:\/\/contarini.net\/de\/wp-json\/wp\/v2\/media?parent=39951"}],"wp:term":[{"taxonomy":"product_brand","embeddable":true,"href":"https:\/\/contarini.net\/de\/wp-json\/wp\/v2\/product_brand?post=39951"},{"taxonomy":"product_cat","embeddable":true,"href":"https:\/\/contarini.net\/de\/wp-json\/wp\/v2\/product_cat?post=39951"},{"taxonomy":"product_tag","embeddable":true,"href":"https:\/\/contarini.net\/de\/wp-json\/wp\/v2\/product_tag?post=39951"}],"curies":[{"name":"wp","href":"https:\/\/api.w.org\/{rel}","templated":true}]}}