{"id":39942,"date":"2016-09-06T17:07:12","date_gmt":"2016-09-06T15:07:12","guid":{"rendered":"https:\/\/contarini.net\/de\/produkt\/cpb-de\/"},"modified":"2016-09-06T17:07:12","modified_gmt":"2016-09-06T15:07:12","slug":"cpb-de","status":"publish","type":"product","link":"https:\/\/contarini.net\/de\/produkt\/cpb-de\/","title":{"rendered":"SCHWENKZAPFEN TYP CPB"},"content":{"rendered":"<p>Der Schwenkzapfen Serie CPB ist ein Anschwei\u00df-Gelenkkopf, der f\u00fcr die Realisierung von einfachwirkenden und doppelwirkenden Hydraulikzylindern geeignet ist. Produziert aus Stahl Fe510C, am Rohr geschwei\u00dft, erm\u00f6glicht eine Fixierung mit einer Schwenkgbewegung. Geeignet f\u00fcr alle Gebiete.<\/p>\n","protected":false},"excerpt":{"rendered":"<p>Der Schwenkzapfen Serie CPB ist ein Anschwei\u00df-Gelenkkopf, der f\u00fcr die Realisierung von einfachwirkenden und doppelwirkenden Hydraulikzylindern geeignet ist. Produziert aus Stahl Fe510C, am Rohr geschwei\u00dft, erm\u00f6glicht eine Fixierung mit einer Schwenkgbewegung. Geeignet f\u00fcr alle Gebiete.<\/p>\n","protected":false},"featured_media":0,"template":"","product_brand":[],"product_cat":[498],"product_tag":[],"class_list":{"0":"post-39942","1":"product","2":"type-product","3":"status-publish","5":"product_cat-rohrbefestigungen","6":"odd","8":"first","9":"instock","10":"shipping-taxable","11":"product-type-simple"},"_links":{"self":[{"href":"https:\/\/contarini.net\/de\/wp-json\/wp\/v2\/product\/39942","targetHints":{"allow":["GET"]}}],"collection":[{"href":"https:\/\/contarini.net\/de\/wp-json\/wp\/v2\/product"}],"about":[{"href":"https:\/\/contarini.net\/de\/wp-json\/wp\/v2\/types\/product"}],"wp:attachment":[{"href":"https:\/\/contarini.net\/de\/wp-json\/wp\/v2\/media?parent=39942"}],"wp:term":[{"taxonomy":"product_brand","embeddable":true,"href":"https:\/\/contarini.net\/de\/wp-json\/wp\/v2\/product_brand?post=39942"},{"taxonomy":"product_cat","embeddable":true,"href":"https:\/\/contarini.net\/de\/wp-json\/wp\/v2\/product_cat?post=39942"},{"taxonomy":"product_tag","embeddable":true,"href":"https:\/\/contarini.net\/de\/wp-json\/wp\/v2\/product_tag?post=39942"}],"curies":[{"name":"wp","href":"https:\/\/api.w.org\/{rel}","templated":true}]}}