{"id":39936,"date":"2016-09-06T17:07:10","date_gmt":"2016-09-06T15:07:10","guid":{"rendered":"https:\/\/contarini.net\/de\/produkt\/ckit-de\/"},"modified":"2016-09-06T17:07:10","modified_gmt":"2016-09-06T15:07:10","slug":"ckit-de","status":"publish","type":"product","link":"https:\/\/contarini.net\/de\/produkt\/ckit-de\/","title":{"rendered":"VERPACKUNG MIT ZYLINDERKOMPONENTENSATZ TYP CKIT"},"content":{"rendered":"<p>Die BAUTEILS\u00c4TZE der Serie CKIT sind komplette S\u00e4tze von einsatzbereiten Zubeh\u00f6rteilen. Es reicht aus, eine Chromstange der Serie SBL und ein gedrehtes Zylinderrohr der Serie STL hinzuzuf\u00fcgen und es liegt das gesamte Zubeh\u00f6r f\u00fcr den Bau eines Hydraulikzylinders nach Ihren Vorstellungen vor.<\/p>\n","protected":false},"excerpt":{"rendered":"<p>Die BAUTEILS\u00c4TZE der Serie CKIT sind komplette S\u00e4tze von einsatzbereiten Zubeh\u00f6rteilen. Es reicht aus, eine Chromstange der Serie SBL und ein gedrehtes Zylinderrohr der Serie STL hinzuzuf\u00fcgen und es liegt das gesamte Zubeh\u00f6r f\u00fcr den Bau eines Hydraulikzylinders nach Ihren Vorstellungen vor.<\/p>\n","protected":false},"featured_media":0,"template":"","product_brand":[],"product_cat":[495],"product_tag":[],"class_list":{"0":"post-39936","1":"product","2":"type-product","3":"status-publish","5":"product_cat-verpackung-mit-zylinderkomponentensatz","6":"odd","8":"first","9":"instock","10":"shipping-taxable","11":"product-type-simple"},"_links":{"self":[{"href":"https:\/\/contarini.net\/de\/wp-json\/wp\/v2\/product\/39936","targetHints":{"allow":["GET"]}}],"collection":[{"href":"https:\/\/contarini.net\/de\/wp-json\/wp\/v2\/product"}],"about":[{"href":"https:\/\/contarini.net\/de\/wp-json\/wp\/v2\/types\/product"}],"wp:attachment":[{"href":"https:\/\/contarini.net\/de\/wp-json\/wp\/v2\/media?parent=39936"}],"wp:term":[{"taxonomy":"product_brand","embeddable":true,"href":"https:\/\/contarini.net\/de\/wp-json\/wp\/v2\/product_brand?post=39936"},{"taxonomy":"product_cat","embeddable":true,"href":"https:\/\/contarini.net\/de\/wp-json\/wp\/v2\/product_cat?post=39936"},{"taxonomy":"product_tag","embeddable":true,"href":"https:\/\/contarini.net\/de\/wp-json\/wp\/v2\/product_tag?post=39936"}],"curies":[{"name":"wp","href":"https:\/\/api.w.org\/{rel}","templated":true}]}}