{"id":39924,"date":"2016-09-06T17:07:06","date_gmt":"2016-09-06T15:07:06","guid":{"rendered":"https:\/\/contarini.net\/de\/produkt\/csen-de\/"},"modified":"2016-09-06T17:07:07","modified_gmt":"2016-09-06T15:07:07","slug":"csen-de","status":"publish","type":"product","link":"https:\/\/contarini.net\/de\/produkt\/csen-de\/","title":{"rendered":"INDUKTIVSENSOR-BES 516-300-S321-S4-DTYP CSEN"},"content":{"rendered":"<p>Der induktive Sensor BALLUFF BES 516-300-S321-S4-D der Serie CSEN ist ein Zylindersensor, der f\u00fcr die Meldung der Anfangs- und\/oder Endposition des Zylinderhubs erforderlich ist. F\u00fcr eine ordnungsgem\u00e4\u00dfe Montage wird die Verwendung des zugeh\u00f6rigen Anschlussgewindes der Serie CBSPP und der Ringe der Serien CASPA und CASPP empfohlen.<\/p>\n","protected":false},"excerpt":{"rendered":"<p>Der induktive Sensor BALLUFF BES 516-300-S321-S4-D der Serie CSEN ist ein Zylindersensor, der f\u00fcr die Meldung der Anfangs- und\/oder Endposition des Zylinderhubs erforderlich ist. F\u00fcr eine ordnungsgem\u00e4\u00dfe Montage wird die Verwendung des zugeh\u00f6rigen Anschlussgewindes der Serie CBSPP und der Ringe der Serien CASPA und CASPP empfohlen.<\/p>\n","protected":false},"featured_media":0,"template":"","product_brand":[],"product_cat":[489],"product_tag":[],"class_list":{"0":"post-39924","1":"product","2":"type-product","3":"status-publish","5":"product_cat-komponenten-fuer-zylinder-mit-sensor","6":"odd","8":"first","9":"instock","10":"shipping-taxable","11":"product-type-simple"},"_links":{"self":[{"href":"https:\/\/contarini.net\/de\/wp-json\/wp\/v2\/product\/39924","targetHints":{"allow":["GET"]}}],"collection":[{"href":"https:\/\/contarini.net\/de\/wp-json\/wp\/v2\/product"}],"about":[{"href":"https:\/\/contarini.net\/de\/wp-json\/wp\/v2\/types\/product"}],"wp:attachment":[{"href":"https:\/\/contarini.net\/de\/wp-json\/wp\/v2\/media?parent=39924"}],"wp:term":[{"taxonomy":"product_brand","embeddable":true,"href":"https:\/\/contarini.net\/de\/wp-json\/wp\/v2\/product_brand?post=39924"},{"taxonomy":"product_cat","embeddable":true,"href":"https:\/\/contarini.net\/de\/wp-json\/wp\/v2\/product_cat?post=39924"},{"taxonomy":"product_tag","embeddable":true,"href":"https:\/\/contarini.net\/de\/wp-json\/wp\/v2\/product_tag?post=39924"}],"curies":[{"name":"wp","href":"https:\/\/api.w.org\/{rel}","templated":true}]}}