{"id":39921,"date":"2016-09-06T17:07:06","date_gmt":"2016-09-06T15:07:06","guid":{"rendered":"https:\/\/contarini.net\/de\/produkt\/cbssp-de\/"},"modified":"2016-09-06T17:07:06","modified_gmt":"2016-09-06T15:07:06","slug":"cbssp-de","status":"publish","type":"product","link":"https:\/\/contarini.net\/de\/produkt\/cbssp-de\/","title":{"rendered":"\u00d6LANSCHLUSS F\u00dcR INDUKTIVSENSOR TYP CBSSP"},"content":{"rendered":"<p>Das Anschlussgewinde f\u00fcr Sensoren der Serie CBSSP ist ein Zylinderbauteil, das f\u00fcr die Montage eines induktiven Sensors der Serie CSEN unerl\u00e4sslich ist.  Sie wird am vorderen und\/oder hinteren Teil des Zylinders angeschwei\u00dft und erm\u00f6glicht die Montage des Sensors. Eignet sich f\u00fcr alle Bereiche.<\/p>\n","protected":false},"excerpt":{"rendered":"<p>Das Anschlussgewinde f\u00fcr Sensoren der Serie CBSSP ist ein Zylinderbauteil, das f\u00fcr die Montage eines induktiven Sensors der Serie CSEN unerl\u00e4sslich ist. Sie wird am vorderen und\/oder hinteren Teil des Zylinders angeschwei\u00dft und erm\u00f6glicht die Montage des Sensors. Eignet sich f\u00fcr alle Bereiche.<\/p>\n","protected":false},"featured_media":0,"template":"","product_brand":[],"product_cat":[489],"product_tag":[],"class_list":{"0":"post-39921","1":"product","2":"type-product","3":"status-publish","5":"product_cat-komponenten-fuer-zylinder-mit-sensor","6":"odd","8":"first","9":"instock","10":"shipping-taxable","11":"product-type-simple"},"_links":{"self":[{"href":"https:\/\/contarini.net\/de\/wp-json\/wp\/v2\/product\/39921","targetHints":{"allow":["GET"]}}],"collection":[{"href":"https:\/\/contarini.net\/de\/wp-json\/wp\/v2\/product"}],"about":[{"href":"https:\/\/contarini.net\/de\/wp-json\/wp\/v2\/types\/product"}],"wp:attachment":[{"href":"https:\/\/contarini.net\/de\/wp-json\/wp\/v2\/media?parent=39921"}],"wp:term":[{"taxonomy":"product_brand","embeddable":true,"href":"https:\/\/contarini.net\/de\/wp-json\/wp\/v2\/product_brand?post=39921"},{"taxonomy":"product_cat","embeddable":true,"href":"https:\/\/contarini.net\/de\/wp-json\/wp\/v2\/product_cat?post=39921"},{"taxonomy":"product_tag","embeddable":true,"href":"https:\/\/contarini.net\/de\/wp-json\/wp\/v2\/product_tag?post=39921"}],"curies":[{"name":"wp","href":"https:\/\/api.w.org\/{rel}","templated":true}]}}