{"id":39906,"date":"2016-09-06T17:07:02","date_gmt":"2016-09-06T15:07:02","guid":{"rendered":"https:\/\/contarini.net\/de\/produkt\/ctfasm-de\/"},"modified":"2016-09-06T17:07:02","modified_gmt":"2016-09-06T15:07:02","slug":"ctfasm-de","status":"publish","type":"product","link":"https:\/\/contarini.net\/de\/produkt\/ctfasm-de\/","title":{"rendered":"KOLBEN F\u00dcR ZYLINDER MIT POSITIONSSENSOR Temposonics\u00ae MS TYP CTFASM"},"content":{"rendered":"<p>Der Kolben f\u00fcr den Zylinder mit dem linearem Sensor Temposonics CTFASM ist ein grundlegendes Bauteil f\u00fcr die Fertigung von Hydraulikzylindern mit einfacher- oder doppelter Wirkung mit einer \u00d8 40- oder \u00d8 50-Bohrung und vorgesehenem Durchgang f\u00fcr den linearen Sensor Temposonics. Das Produkt ist insbesondere f\u00fcr den Bereich mobile Arbeitsmaschinen geeignet.<\/p>\n","protected":false},"excerpt":{"rendered":"<p>Der Kolben f\u00fcr den Zylinder mit dem linearem Sensor Temposonics CTFASM ist ein grundlegendes Bauteil f\u00fcr die Fertigung von Hydraulikzylindern mit einfacher- oder doppelter Wirkung mit einer \u00d8 40- oder \u00d8 50-Bohrung und vorgesehenem Durchgang f\u00fcr den linearen Sensor Temposonics. Das Produkt ist insbesondere f\u00fcr den Bereich mobile Arbeitsmaschinen geeignet.<\/p>\n","protected":false},"featured_media":0,"template":"","product_brand":[],"product_cat":[489],"product_tag":[],"class_list":{"0":"post-39906","1":"product","2":"type-product","3":"status-publish","5":"product_cat-komponenten-fuer-zylinder-mit-sensor","6":"odd","8":"first","9":"instock","10":"shipping-taxable","11":"product-type-simple"},"_links":{"self":[{"href":"https:\/\/contarini.net\/de\/wp-json\/wp\/v2\/product\/39906","targetHints":{"allow":["GET"]}}],"collection":[{"href":"https:\/\/contarini.net\/de\/wp-json\/wp\/v2\/product"}],"about":[{"href":"https:\/\/contarini.net\/de\/wp-json\/wp\/v2\/types\/product"}],"wp:attachment":[{"href":"https:\/\/contarini.net\/de\/wp-json\/wp\/v2\/media?parent=39906"}],"wp:term":[{"taxonomy":"product_brand","embeddable":true,"href":"https:\/\/contarini.net\/de\/wp-json\/wp\/v2\/product_brand?post=39906"},{"taxonomy":"product_cat","embeddable":true,"href":"https:\/\/contarini.net\/de\/wp-json\/wp\/v2\/product_cat?post=39906"},{"taxonomy":"product_tag","embeddable":true,"href":"https:\/\/contarini.net\/de\/wp-json\/wp\/v2\/product_tag?post=39906"}],"curies":[{"name":"wp","href":"https:\/\/api.w.org\/{rel}","templated":true}]}}