{"id":39897,"date":"2016-09-06T17:05:03","date_gmt":"2016-09-06T15:05:03","guid":{"rendered":"https:\/\/contarini.net\/de\/produkt\/apsep435-de\/"},"modified":"2016-09-06T17:05:03","modified_gmt":"2016-09-06T15:05:03","slug":"apsep435-de","status":"publish","type":"product","link":"https:\/\/contarini.net\/de\/produkt\/apsep435-de\/","title":{"rendered":"STOPFEN F\u00dcR BOHRUNGEN MIT GEWINDE TYP APSEP435"},"content":{"rendered":"<p>Der Schutzstopfen Serie APSEP f\u00fcr Bohrungen mit Gewinde hat ein Aussengewinde, das das Anschrauben in die Zylinder-\u00d6leintritte erlaubt. Falls mit einer Dichtung benutzt, vermeidet das eventuelle Austritt des Pr\u00fcfungs\u00f6ls.<\/p>\n","protected":false},"excerpt":{"rendered":"<p>Der Schutzstopfen Serie APSEP f\u00fcr Bohrungen mit Gewinde hat ein Aussengewinde, das das Anschrauben in die Zylinder-\u00d6leintritte erlaubt. Falls mit einer Dichtung benutzt, vermeidet das eventuelle Austritt des Pr\u00fcfungs\u00f6ls.<\/p>\n","protected":false},"featured_media":0,"template":"","product_brand":[],"product_cat":[486],"product_tag":[],"class_list":{"0":"post-39897","1":"product","2":"type-product","3":"status-publish","5":"product_cat-zubehoehr","6":"odd","8":"first","9":"instock","10":"shipping-taxable","11":"product-type-simple"},"_links":{"self":[{"href":"https:\/\/contarini.net\/de\/wp-json\/wp\/v2\/product\/39897","targetHints":{"allow":["GET"]}}],"collection":[{"href":"https:\/\/contarini.net\/de\/wp-json\/wp\/v2\/product"}],"about":[{"href":"https:\/\/contarini.net\/de\/wp-json\/wp\/v2\/types\/product"}],"wp:attachment":[{"href":"https:\/\/contarini.net\/de\/wp-json\/wp\/v2\/media?parent=39897"}],"wp:term":[{"taxonomy":"product_brand","embeddable":true,"href":"https:\/\/contarini.net\/de\/wp-json\/wp\/v2\/product_brand?post=39897"},{"taxonomy":"product_cat","embeddable":true,"href":"https:\/\/contarini.net\/de\/wp-json\/wp\/v2\/product_cat?post=39897"},{"taxonomy":"product_tag","embeddable":true,"href":"https:\/\/contarini.net\/de\/wp-json\/wp\/v2\/product_tag?post=39897"}],"curies":[{"name":"wp","href":"https:\/\/api.w.org\/{rel}","templated":true}]}}