{"id":39894,"date":"2016-09-06T17:05:02","date_gmt":"2016-09-06T15:05:02","guid":{"rendered":"https:\/\/contarini.net\/de\/produkt\/apm-de\/"},"modified":"2016-09-06T17:05:02","modified_gmt":"2016-09-06T15:05:02","slug":"apm-de","status":"publish","type":"product","link":"https:\/\/contarini.net\/de\/produkt\/apm-de\/","title":{"rendered":"STOPFEN F\u00dcR BOHRUNGEN MIT GEWINDE TYP APM"},"content":{"rendered":"<p>Der Schutzstopfen Serie APG\/APM f\u00fcr Bohrungen mit Gewinde ist eine wirksame und billige L\u00f6sung f\u00fcr den Schutz der Gewinde von den Zylinder-\u00d6leintritten<\/p>\n","protected":false},"excerpt":{"rendered":"<p>Der Schutzstopfen Serie APG\/APM f\u00fcr Bohrungen mit Gewinde ist eine wirksame und billige L\u00f6sung f\u00fcr den Schutz der Gewinde von den Zylinder-\u00d6leintritten<\/p>\n","protected":false},"featured_media":0,"template":"","product_brand":[],"product_cat":[486],"product_tag":[],"class_list":{"0":"post-39894","1":"product","2":"type-product","3":"status-publish","5":"product_cat-zubehoehr","6":"odd","8":"first","9":"instock","10":"shipping-taxable","11":"product-type-simple"},"_links":{"self":[{"href":"https:\/\/contarini.net\/de\/wp-json\/wp\/v2\/product\/39894","targetHints":{"allow":["GET"]}}],"collection":[{"href":"https:\/\/contarini.net\/de\/wp-json\/wp\/v2\/product"}],"about":[{"href":"https:\/\/contarini.net\/de\/wp-json\/wp\/v2\/types\/product"}],"wp:attachment":[{"href":"https:\/\/contarini.net\/de\/wp-json\/wp\/v2\/media?parent=39894"}],"wp:term":[{"taxonomy":"product_brand","embeddable":true,"href":"https:\/\/contarini.net\/de\/wp-json\/wp\/v2\/product_brand?post=39894"},{"taxonomy":"product_cat","embeddable":true,"href":"https:\/\/contarini.net\/de\/wp-json\/wp\/v2\/product_cat?post=39894"},{"taxonomy":"product_tag","embeddable":true,"href":"https:\/\/contarini.net\/de\/wp-json\/wp\/v2\/product_tag?post=39894"}],"curies":[{"name":"wp","href":"https:\/\/api.w.org\/{rel}","templated":true}]}}