{"id":39888,"date":"2016-09-06T17:04:59","date_gmt":"2016-09-06T15:04:59","guid":{"rendered":"https:\/\/contarini.net\/de\/produkt\/ats-de\/"},"modified":"2016-09-06T17:04:59","modified_gmt":"2016-09-06T15:04:59","slug":"ats-de","status":"publish","type":"product","link":"https:\/\/contarini.net\/de\/produkt\/ats-de\/","title":{"rendered":"ENTL\u00dcFTUNGSSCHRAUBE TYP ATS"},"content":{"rendered":"<p>Der Entl\u00fcftungsstopfen Serie ATS haltet eine Vorrichtung mit einem \u00d6lbadmechanismus auf Gleichgewichtsdruck, auch in Folge von pl\u00f6tzlichen Temperatur\u00e4nderungen. Diese Ausf\u00fchrung verf\u00fcgt \u00fcber einen Filter aus Sinterbronze-Kugeln. Der Filtrationsgrad vermeidet den Eintritt von Unreinheiten in den \u00d6lbadmechanismus. Die Entl\u00fcftung hat eine weitere Funktion von Strahlunterbrecher: dient n\u00e4mlich dazu, das Auslaufen der Fl\u00fc\u00dfigkeit zu hemmen. Die Au\u00dfenkappe sch\u00fctzt das Mechanismus und vermeidet den Eintritt von Fremdk\u00f6rpern.<\/p>\n","protected":false},"excerpt":{"rendered":"<p>Der Entl\u00fcftungsstopfen Serie ATS haltet eine Vorrichtung mit einem \u00d6lbadmechanismus auf Gleichgewichtsdruck, auch in Folge von pl\u00f6tzlichen Temperatur\u00e4nderungen. Diese Ausf\u00fchrung verf\u00fcgt \u00fcber einen Filter aus Sinterbronze-Kugeln. Der Filtrationsgrad vermeidet den Eintritt von Unreinheiten in den \u00d6lbadmechanismus. Die Entl\u00fcftung hat eine weitere Funktion von Strahlunterbrecher: dient n\u00e4mlich dazu, das Auslaufen der Fl\u00fc\u00dfigkeit zu hemmen. Die Au\u00dfenkappe sch\u00fctzt das Mechanismus und vermeidet [&hellip;]<\/p>\n","protected":false},"featured_media":0,"template":"","product_brand":[],"product_cat":[486],"product_tag":[],"class_list":{"0":"post-39888","1":"product","2":"type-product","3":"status-publish","5":"product_cat-zubehoehr","6":"odd","8":"first","9":"instock","10":"shipping-taxable","11":"product-type-simple"},"_links":{"self":[{"href":"https:\/\/contarini.net\/de\/wp-json\/wp\/v2\/product\/39888","targetHints":{"allow":["GET"]}}],"collection":[{"href":"https:\/\/contarini.net\/de\/wp-json\/wp\/v2\/product"}],"about":[{"href":"https:\/\/contarini.net\/de\/wp-json\/wp\/v2\/types\/product"}],"wp:attachment":[{"href":"https:\/\/contarini.net\/de\/wp-json\/wp\/v2\/media?parent=39888"}],"wp:term":[{"taxonomy":"product_brand","embeddable":true,"href":"https:\/\/contarini.net\/de\/wp-json\/wp\/v2\/product_brand?post=39888"},{"taxonomy":"product_cat","embeddable":true,"href":"https:\/\/contarini.net\/de\/wp-json\/wp\/v2\/product_cat?post=39888"},{"taxonomy":"product_tag","embeddable":true,"href":"https:\/\/contarini.net\/de\/wp-json\/wp\/v2\/product_tag?post=39888"}],"curies":[{"name":"wp","href":"https:\/\/api.w.org\/{rel}","templated":true}]}}