{"id":39885,"date":"2016-09-06T17:04:58","date_gmt":"2016-09-06T15:04:58","guid":{"rendered":"https:\/\/contarini.net\/de\/produkt\/asep-de\/"},"modified":"2016-09-06T17:04:58","modified_gmt":"2016-09-06T15:04:58","slug":"asep-de","status":"publish","type":"product","link":"https:\/\/contarini.net\/de\/produkt\/asep-de\/","title":{"rendered":"ENTL\u00dcFTUNGSSCHRAUBE TYP ASEP"},"content":{"rendered":"<p>Die Entl\u00fcftung Serie ASEP am Zylinder geschraubt, dient sowohl als Entl\u00fcftung als auch als Pneumatikschalld\u00e4mpfer, um das L\u00e4rm in den Pneumatikanlagen, bzw. in den automatischen Maschinen zu mindern.<\/p>\n","protected":false},"excerpt":{"rendered":"<p>Die Entl\u00fcftung Serie ASEP am Zylinder geschraubt, dient sowohl als Entl\u00fcftung als auch als Pneumatikschalld\u00e4mpfer, um das L\u00e4rm in den Pneumatikanlagen, bzw. in den automatischen Maschinen zu mindern.<\/p>\n","protected":false},"featured_media":0,"template":"","product_brand":[],"product_cat":[486],"product_tag":[],"class_list":{"0":"post-39885","1":"product","2":"type-product","3":"status-publish","5":"product_cat-zubehoehr","6":"odd","8":"first","9":"instock","10":"shipping-taxable","11":"product-type-simple"},"_links":{"self":[{"href":"https:\/\/contarini.net\/de\/wp-json\/wp\/v2\/product\/39885","targetHints":{"allow":["GET"]}}],"collection":[{"href":"https:\/\/contarini.net\/de\/wp-json\/wp\/v2\/product"}],"about":[{"href":"https:\/\/contarini.net\/de\/wp-json\/wp\/v2\/types\/product"}],"wp:attachment":[{"href":"https:\/\/contarini.net\/de\/wp-json\/wp\/v2\/media?parent=39885"}],"wp:term":[{"taxonomy":"product_brand","embeddable":true,"href":"https:\/\/contarini.net\/de\/wp-json\/wp\/v2\/product_brand?post=39885"},{"taxonomy":"product_cat","embeddable":true,"href":"https:\/\/contarini.net\/de\/wp-json\/wp\/v2\/product_cat?post=39885"},{"taxonomy":"product_tag","embeddable":true,"href":"https:\/\/contarini.net\/de\/wp-json\/wp\/v2\/product_tag?post=39885"}],"curies":[{"name":"wp","href":"https:\/\/api.w.org\/{rel}","templated":true}]}}