{"id":39882,"date":"2016-09-06T17:04:57","date_gmt":"2016-09-06T15:04:57","guid":{"rendered":"https:\/\/contarini.net\/de\/produkt\/ca-de\/"},"modified":"2016-09-06T17:04:57","modified_gmt":"2016-09-06T15:04:57","slug":"ca-de","status":"publish","type":"product","link":"https:\/\/contarini.net\/de\/produkt\/ca-de\/","title":{"rendered":"KLEMMRING F\u00dcR PLUNGERZYLINDER TYP CA"},"content":{"rendered":"<p>Der Klemmring f\u00fcr Plungerzylinder Serie CA ist ein Komponent, das f\u00fcr die Realisierung von Plungerzylindern geeignet ist. Produziert aus Stahl FE510C, erlaubt die Sperrung der verchromten Kolbenstange beim Endanschlag in einem Plungerzylinder, wo es keinen F\u00fchrungskolben gibt. Empfholen f\u00fcr Zylinder mit gro\u00dfen Abmessungen, hohen Dr\u00fccken und hoher Geschwindigkeit. Geeignet f\u00fcr alle Gebiete.<\/p>\n","protected":false},"excerpt":{"rendered":"<p>Der Klemmring f\u00fcr Plungerzylinder Serie CA ist ein Komponent, das f\u00fcr die Realisierung von Plungerzylindern geeignet ist. Produziert aus Stahl FE510C, erlaubt die Sperrung der verchromten Kolbenstange beim Endanschlag in einem Plungerzylinder, wo es keinen F\u00fchrungskolben gibt. Empfholen f\u00fcr Zylinder mit gro\u00dfen Abmessungen, hohen Dr\u00fccken und hoher Geschwindigkeit. Geeignet f\u00fcr alle Gebiete.<\/p>\n","protected":false},"featured_media":0,"template":"","product_brand":[],"product_cat":[486],"product_tag":[],"class_list":{"0":"post-39882","1":"product","2":"type-product","3":"status-publish","5":"product_cat-zubehoehr","6":"odd","8":"first","9":"instock","10":"shipping-taxable","11":"product-type-simple"},"_links":{"self":[{"href":"https:\/\/contarini.net\/de\/wp-json\/wp\/v2\/product\/39882","targetHints":{"allow":["GET"]}}],"collection":[{"href":"https:\/\/contarini.net\/de\/wp-json\/wp\/v2\/product"}],"about":[{"href":"https:\/\/contarini.net\/de\/wp-json\/wp\/v2\/types\/product"}],"wp:attachment":[{"href":"https:\/\/contarini.net\/de\/wp-json\/wp\/v2\/media?parent=39882"}],"wp:term":[{"taxonomy":"product_brand","embeddable":true,"href":"https:\/\/contarini.net\/de\/wp-json\/wp\/v2\/product_brand?post=39882"},{"taxonomy":"product_cat","embeddable":true,"href":"https:\/\/contarini.net\/de\/wp-json\/wp\/v2\/product_cat?post=39882"},{"taxonomy":"product_tag","embeddable":true,"href":"https:\/\/contarini.net\/de\/wp-json\/wp\/v2\/product_tag?post=39882"}],"curies":[{"name":"wp","href":"https:\/\/api.w.org\/{rel}","templated":true}]}}