{"id":39879,"date":"2016-09-06T17:04:56","date_gmt":"2016-09-06T15:04:56","guid":{"rendered":"https:\/\/contarini.net\/de\/produkt\/cat-de\/"},"modified":"2016-09-06T17:04:56","modified_gmt":"2016-09-06T15:04:56","slug":"cat-de","status":"publish","type":"product","link":"https:\/\/contarini.net\/de\/produkt\/cat-de\/","title":{"rendered":"KLEMMRING F\u00dcR PLUNGERZYLINDER TYP CAT"},"content":{"rendered":"<p>Der Klemmring f\u00fcr Plungerzylinder Serie CAT ist ein Komponent, das f\u00fcr die Realisierung von Plungerzylindern geeignet ist. Produziert aus harmonischem Stahldraht, erlaubt die Sperrung der verchromten Kolbenstange beim Endanschlag in einem Plungerzylinder, wo es keinen F\u00fchrungskolben gibt. Grundkomponent unserer Standardzylinder Serie HT0. Geeignet f\u00fcr alle Gebiete.<\/p>\n","protected":false},"excerpt":{"rendered":"<p>Der Klemmring f\u00fcr Plungerzylinder Serie CAT ist ein Komponent, das f\u00fcr die Realisierung von Plungerzylindern geeignet ist. Produziert aus harmonischem Stahldraht, erlaubt die Sperrung der verchromten Kolbenstange beim Endanschlag in einem Plungerzylinder, wo es keinen F\u00fchrungskolben gibt. Grundkomponent unserer Standardzylinder Serie HT0. Geeignet f\u00fcr alle Gebiete.<\/p>\n","protected":false},"featured_media":0,"template":"","product_brand":[],"product_cat":[486],"product_tag":[],"class_list":{"0":"post-39879","1":"product","2":"type-product","3":"status-publish","5":"product_cat-zubehoehr","6":"odd","8":"first","9":"instock","10":"shipping-taxable","11":"product-type-simple"},"_links":{"self":[{"href":"https:\/\/contarini.net\/de\/wp-json\/wp\/v2\/product\/39879","targetHints":{"allow":["GET"]}}],"collection":[{"href":"https:\/\/contarini.net\/de\/wp-json\/wp\/v2\/product"}],"about":[{"href":"https:\/\/contarini.net\/de\/wp-json\/wp\/v2\/types\/product"}],"wp:attachment":[{"href":"https:\/\/contarini.net\/de\/wp-json\/wp\/v2\/media?parent=39879"}],"wp:term":[{"taxonomy":"product_brand","embeddable":true,"href":"https:\/\/contarini.net\/de\/wp-json\/wp\/v2\/product_brand?post=39879"},{"taxonomy":"product_cat","embeddable":true,"href":"https:\/\/contarini.net\/de\/wp-json\/wp\/v2\/product_cat?post=39879"},{"taxonomy":"product_tag","embeddable":true,"href":"https:\/\/contarini.net\/de\/wp-json\/wp\/v2\/product_tag?post=39879"}],"curies":[{"name":"wp","href":"https:\/\/api.w.org\/{rel}","templated":true}]}}