{"id":39876,"date":"2016-09-06T17:04:54","date_gmt":"2016-09-06T15:04:54","guid":{"rendered":"https:\/\/contarini.net\/de\/produkt\/cdis-de\/"},"modified":"2016-09-06T17:04:55","modified_gmt":"2016-09-06T15:04:55","slug":"cdis-de","status":"publish","type":"product","link":"https:\/\/contarini.net\/de\/produkt\/cdis-de\/","title":{"rendered":"ABSTANDST\u00dcCK TYP CDIS"},"content":{"rendered":"<p>Das Abstandst\u00fcck Serie CDIS ist ein Komponent, das f\u00fcr die Realisierung von einfachwirkenden und doppelwirkenden Hydraulikzylindern geeignet ist. Produziert aus Stahl St52.3, begrenzt den Zylinderhub und vergr\u00f6\u00dfert den Mindestabstand zwischen Kolbenstangenf\u00fchrung und Kolben. Geeignet f\u00fcr alle Gebiete.<\/p>\n","protected":false},"excerpt":{"rendered":"<p>Das Abstandst\u00fcck Serie CDIS ist ein Komponent, das f\u00fcr die Realisierung von einfachwirkenden und doppelwirkenden Hydraulikzylindern geeignet ist. Produziert aus Stahl St52.3, begrenzt den Zylinderhub und vergr\u00f6\u00dfert den Mindestabstand zwischen Kolbenstangenf\u00fchrung und Kolben. Geeignet f\u00fcr alle Gebiete.<\/p>\n","protected":false},"featured_media":0,"template":"","product_brand":[],"product_cat":[486],"product_tag":[],"class_list":{"0":"post-39876","1":"product","2":"type-product","3":"status-publish","5":"product_cat-zubehoehr","6":"odd","8":"first","9":"instock","10":"shipping-taxable","11":"product-type-simple"},"_links":{"self":[{"href":"https:\/\/contarini.net\/de\/wp-json\/wp\/v2\/product\/39876","targetHints":{"allow":["GET"]}}],"collection":[{"href":"https:\/\/contarini.net\/de\/wp-json\/wp\/v2\/product"}],"about":[{"href":"https:\/\/contarini.net\/de\/wp-json\/wp\/v2\/types\/product"}],"wp:attachment":[{"href":"https:\/\/contarini.net\/de\/wp-json\/wp\/v2\/media?parent=39876"}],"wp:term":[{"taxonomy":"product_brand","embeddable":true,"href":"https:\/\/contarini.net\/de\/wp-json\/wp\/v2\/product_brand?post=39876"},{"taxonomy":"product_cat","embeddable":true,"href":"https:\/\/contarini.net\/de\/wp-json\/wp\/v2\/product_cat?post=39876"},{"taxonomy":"product_tag","embeddable":true,"href":"https:\/\/contarini.net\/de\/wp-json\/wp\/v2\/product_tag?post=39876"}],"curies":[{"name":"wp","href":"https:\/\/api.w.org\/{rel}","templated":true}]}}