{"id":39855,"date":"2016-09-06T17:04:47","date_gmt":"2016-09-06T15:04:47","guid":{"rendered":"https:\/\/contarini.net\/de\/produkt\/an-apgr-de\/"},"modified":"2016-09-06T17:04:47","modified_gmt":"2016-09-06T15:04:47","slug":"an-apgr-de","status":"publish","type":"product","link":"https:\/\/contarini.net\/de\/produkt\/an-apgr-de\/","title":{"rendered":"SCHMIERNIPPEL UNI 7663 TYP AN\/APGR"},"content":{"rendered":"<p>Der Schmiernippel Serie AN\/ APGR ist eine besondere Art von Gewinde, mit einem R\u00fcckschlagventil und eine Form, die die tempor\u00e4re Kopplung erm\u00f6glicht, um K\u00f6pfe zum Einfetten auch spezifi scher Form verwendet vorgesehen.<\/p>\n","protected":false},"excerpt":{"rendered":"<p>Der Schmiernippel Serie AN\/ APGR ist eine besondere Art von Gewinde, mit einem R\u00fcckschlagventil und eine Form, die die tempor\u00e4re Kopplung erm\u00f6glicht, um K\u00f6pfe zum Einfetten auch spezifi scher Form verwendet vorgesehen.<\/p>\n","protected":false},"featured_media":0,"template":"","product_brand":[],"product_cat":[486],"product_tag":[],"class_list":{"0":"post-39855","1":"product","2":"type-product","3":"status-publish","5":"product_cat-zubehoehr","6":"odd","8":"first","9":"instock","10":"shipping-taxable","11":"product-type-simple"},"_links":{"self":[{"href":"https:\/\/contarini.net\/de\/wp-json\/wp\/v2\/product\/39855","targetHints":{"allow":["GET"]}}],"collection":[{"href":"https:\/\/contarini.net\/de\/wp-json\/wp\/v2\/product"}],"about":[{"href":"https:\/\/contarini.net\/de\/wp-json\/wp\/v2\/types\/product"}],"wp:attachment":[{"href":"https:\/\/contarini.net\/de\/wp-json\/wp\/v2\/media?parent=39855"}],"wp:term":[{"taxonomy":"product_brand","embeddable":true,"href":"https:\/\/contarini.net\/de\/wp-json\/wp\/v2\/product_brand?post=39855"},{"taxonomy":"product_cat","embeddable":true,"href":"https:\/\/contarini.net\/de\/wp-json\/wp\/v2\/product_cat?post=39855"},{"taxonomy":"product_tag","embeddable":true,"href":"https:\/\/contarini.net\/de\/wp-json\/wp\/v2\/product_tag?post=39855"}],"curies":[{"name":"wp","href":"https:\/\/api.w.org\/{rel}","templated":true}]}}