{"id":39852,"date":"2016-09-06T17:04:46","date_gmt":"2016-09-06T15:04:46","guid":{"rendered":"https:\/\/contarini.net\/de\/produkt\/cblt-de\/"},"modified":"2016-09-06T17:04:46","modified_gmt":"2016-09-06T15:04:46","slug":"cblt-de","status":"publish","type":"product","link":"https:\/\/contarini.net\/de\/produkt\/cblt-de\/","title":{"rendered":"\u00d6LEINTRITTBL\u00d6CKCHEN TYP CBLT"},"content":{"rendered":"<p>Der Block f\u00fcr den \u00d6leintritt der Baureihe CBLT ist ein Bauteil, der sich f\u00fcr die Fertigung einfach- oder doppeltwirkender Zylinder eignet. Es besteht aus Fe510C, und wenn er mit einem zu schwei\u00dfenden Rohr kombiniert wird, k\u00f6nnen mit seiner Hilfe \u00d6leintritte realisiert werden.  Wenn das Rohr bereits vorgesehen ist, kann dieses leichter angeschwei\u00dft werden (dieser Schritt ist vom Kunden auszuf\u00fchren). Das Produkt eignet sich f\u00fcr alle Bereiche.<\/p>\n","protected":false},"excerpt":{"rendered":"<p>Der Block f\u00fcr den \u00d6leintritt der Baureihe CBLT ist ein Bauteil, der sich f\u00fcr die Fertigung einfach- oder doppeltwirkender Zylinder eignet. Es besteht aus Fe510C, und wenn er mit einem zu schwei\u00dfenden Rohr kombiniert wird, k\u00f6nnen mit seiner Hilfe \u00d6leintritte realisiert werden. Wenn das Rohr bereits vorgesehen ist, kann dieses leichter angeschwei\u00dft werden (dieser Schritt ist vom Kunden auszuf\u00fchren). Das [&hellip;]<\/p>\n","protected":false},"featured_media":0,"template":"","product_brand":[],"product_cat":[486],"product_tag":[],"class_list":{"0":"post-39852","1":"product","2":"type-product","3":"status-publish","5":"product_cat-zubehoehr","6":"odd","8":"first","9":"instock","10":"shipping-taxable","11":"product-type-simple"},"_links":{"self":[{"href":"https:\/\/contarini.net\/de\/wp-json\/wp\/v2\/product\/39852","targetHints":{"allow":["GET"]}}],"collection":[{"href":"https:\/\/contarini.net\/de\/wp-json\/wp\/v2\/product"}],"about":[{"href":"https:\/\/contarini.net\/de\/wp-json\/wp\/v2\/types\/product"}],"wp:attachment":[{"href":"https:\/\/contarini.net\/de\/wp-json\/wp\/v2\/media?parent=39852"}],"wp:term":[{"taxonomy":"product_brand","embeddable":true,"href":"https:\/\/contarini.net\/de\/wp-json\/wp\/v2\/product_brand?post=39852"},{"taxonomy":"product_cat","embeddable":true,"href":"https:\/\/contarini.net\/de\/wp-json\/wp\/v2\/product_cat?post=39852"},{"taxonomy":"product_tag","embeddable":true,"href":"https:\/\/contarini.net\/de\/wp-json\/wp\/v2\/product_tag?post=39852"}],"curies":[{"name":"wp","href":"https:\/\/api.w.org\/{rel}","templated":true}]}}