{"id":39849,"date":"2016-09-06T17:04:45","date_gmt":"2016-09-06T15:04:45","guid":{"rendered":"https:\/\/contarini.net\/de\/produkt\/cets-de\/"},"modified":"2016-09-06T17:04:45","modified_gmt":"2016-09-06T15:04:45","slug":"cets-de","status":"publish","type":"product","link":"https:\/\/contarini.net\/de\/produkt\/cets-de\/","title":{"rendered":"GEBOGENE STAHLR\u00d6HRE TYP CETS"},"content":{"rendered":"<p>Die Form-Rohrleitung der Baureihe CETS ist ein anzuschwei\u00dfender, einsatzbereites Bauteil. Dieses Produkt ist sehr vorteilhaft, da es Biegevorg\u00e4nge spart und einen korrekten Schneideablauf erm\u00f6glicht. Das Produkt eignet sich f\u00fcr alle Bereiche.<\/p>\n","protected":false},"excerpt":{"rendered":"<p>Die Form-Rohrleitung der Baureihe CETS ist ein anzuschwei\u00dfender, einsatzbereites Bauteil. Dieses Produkt ist sehr vorteilhaft, da es Biegevorg\u00e4nge spart und einen korrekten Schneideablauf erm\u00f6glicht. Das Produkt eignet sich f\u00fcr alle Bereiche.<\/p>\n","protected":false},"featured_media":0,"template":"","product_brand":[],"product_cat":[486],"product_tag":[],"class_list":{"0":"post-39849","1":"product","2":"type-product","3":"status-publish","5":"product_cat-zubehoehr","6":"odd","8":"first","9":"instock","10":"shipping-taxable","11":"product-type-simple"},"_links":{"self":[{"href":"https:\/\/contarini.net\/de\/wp-json\/wp\/v2\/product\/39849","targetHints":{"allow":["GET"]}}],"collection":[{"href":"https:\/\/contarini.net\/de\/wp-json\/wp\/v2\/product"}],"about":[{"href":"https:\/\/contarini.net\/de\/wp-json\/wp\/v2\/types\/product"}],"wp:attachment":[{"href":"https:\/\/contarini.net\/de\/wp-json\/wp\/v2\/media?parent=39849"}],"wp:term":[{"taxonomy":"product_brand","embeddable":true,"href":"https:\/\/contarini.net\/de\/wp-json\/wp\/v2\/product_brand?post=39849"},{"taxonomy":"product_cat","embeddable":true,"href":"https:\/\/contarini.net\/de\/wp-json\/wp\/v2\/product_cat?post=39849"},{"taxonomy":"product_tag","embeddable":true,"href":"https:\/\/contarini.net\/de\/wp-json\/wp\/v2\/product_tag?post=39849"}],"curies":[{"name":"wp","href":"https:\/\/api.w.org\/{rel}","templated":true}]}}