{"id":39843,"date":"2016-09-06T17:04:43","date_gmt":"2016-09-06T15:04:43","guid":{"rendered":"https:\/\/contarini.net\/de\/produkt\/cbsl-de\/"},"modified":"2016-09-06T17:04:43","modified_gmt":"2016-09-06T15:04:43","slug":"cbsl-de","status":"publish","type":"product","link":"https:\/\/contarini.net\/de\/produkt\/cbsl-de\/","title":{"rendered":"ANSCHLUSSGEWINDE MIT SACKLOCH TYP CBSL"},"content":{"rendered":"<p>Das Schwei\u00df-Anschlu\u00dfgewinde mit Sackloch Serie CBSL ist ein Komponent, das f\u00fcr die Realisierung von einfachwirkenden und doppelwirkenden Hydraulikzylindern geeignet ist. Produziert aus Stahl S355J0\/S355J2, wird am Rohr oder am Boden geschwei\u00dft und erlaubt die Realisierung von \u00d6leinl\u00e4\u00dfen, die das Anschlu\u00dfgewinde mit einer Rohrleitung verbinden (die Vorbereitung f\u00fcr die Rohrleitung und die Schwei\u00dfung sind zu Lasten des Kunden). Geeignet f\u00fcr alle Gebiete.<\/p>\n","protected":false},"excerpt":{"rendered":"<p>Das Schwei\u00df-Anschlu\u00dfgewinde mit Sackloch Serie CBSL ist ein Komponent, das f\u00fcr die Realisierung von einfachwirkenden und doppelwirkenden Hydraulikzylindern geeignet ist. Produziert aus Stahl S355J0\/S355J2, wird am Rohr oder am Boden geschwei\u00dft und erlaubt die Realisierung von \u00d6leinl\u00e4\u00dfen, die das Anschlu\u00dfgewinde mit einer Rohrleitung verbinden (die Vorbereitung f\u00fcr die Rohrleitung und die Schwei\u00dfung sind zu Lasten des Kunden). Geeignet f\u00fcr alle [&hellip;]<\/p>\n","protected":false},"featured_media":0,"template":"","product_brand":[],"product_cat":[486],"product_tag":[],"class_list":{"0":"post-39843","1":"product","2":"type-product","3":"status-publish","5":"product_cat-zubehoehr","6":"odd","8":"first","9":"instock","10":"shipping-taxable","11":"product-type-simple"},"_links":{"self":[{"href":"https:\/\/contarini.net\/de\/wp-json\/wp\/v2\/product\/39843","targetHints":{"allow":["GET"]}}],"collection":[{"href":"https:\/\/contarini.net\/de\/wp-json\/wp\/v2\/product"}],"about":[{"href":"https:\/\/contarini.net\/de\/wp-json\/wp\/v2\/types\/product"}],"wp:attachment":[{"href":"https:\/\/contarini.net\/de\/wp-json\/wp\/v2\/media?parent=39843"}],"wp:term":[{"taxonomy":"product_brand","embeddable":true,"href":"https:\/\/contarini.net\/de\/wp-json\/wp\/v2\/product_brand?post=39843"},{"taxonomy":"product_cat","embeddable":true,"href":"https:\/\/contarini.net\/de\/wp-json\/wp\/v2\/product_cat?post=39843"},{"taxonomy":"product_tag","embeddable":true,"href":"https:\/\/contarini.net\/de\/wp-json\/wp\/v2\/product_tag?post=39843"}],"curies":[{"name":"wp","href":"https:\/\/api.w.org\/{rel}","templated":true}]}}