{"id":39840,"date":"2016-09-06T17:04:42","date_gmt":"2016-09-06T15:04:42","guid":{"rendered":"https:\/\/contarini.net\/de\/produkt\/cbsp-de\/"},"modified":"2016-09-06T17:04:42","modified_gmt":"2016-09-06T15:04:42","slug":"cbsp-de","status":"publish","type":"product","link":"https:\/\/contarini.net\/de\/produkt\/cbsp-de\/","title":{"rendered":"HOHES ANSCHLUSSGEWINDE TYP CBSP"},"content":{"rendered":"<p>Das hohe Schwei\u00df-Anschlu\u00dfgewinde Serie CBSP ist ein Komponent, das f\u00fcr die Realisierung von einfachwirkenden und doppelwirkenden Hydraulikzylindern geeignet ist. Produziert aus Stahl 9SMn28 (bleifrei), wird am Rohr oder am Boden geschwei\u00dft und erlaubt die Realisierung von \u00d6leinl\u00e4\u00dfen mit gr\u00f6\u00dferer H\u00f6he als die Standardserie CSB. Geeignet f\u00fcr alle Gebiete.<\/p>\n","protected":false},"excerpt":{"rendered":"<p>Das hohe Schwei\u00df-Anschlu\u00dfgewinde Serie CBSP ist ein Komponent, das f\u00fcr die Realisierung von einfachwirkenden und doppelwirkenden Hydraulikzylindern geeignet ist. Produziert aus Stahl 9SMn28 (bleifrei), wird am Rohr oder am Boden geschwei\u00dft und erlaubt die Realisierung von \u00d6leinl\u00e4\u00dfen mit gr\u00f6\u00dferer H\u00f6he als die Standardserie CSB. Geeignet f\u00fcr alle Gebiete.<\/p>\n","protected":false},"featured_media":0,"template":"","product_brand":[],"product_cat":[486],"product_tag":[],"class_list":{"0":"post-39840","1":"product","2":"type-product","3":"status-publish","5":"product_cat-zubehoehr","6":"odd","8":"first","9":"instock","10":"shipping-taxable","11":"product-type-simple"},"_links":{"self":[{"href":"https:\/\/contarini.net\/de\/wp-json\/wp\/v2\/product\/39840","targetHints":{"allow":["GET"]}}],"collection":[{"href":"https:\/\/contarini.net\/de\/wp-json\/wp\/v2\/product"}],"about":[{"href":"https:\/\/contarini.net\/de\/wp-json\/wp\/v2\/types\/product"}],"wp:attachment":[{"href":"https:\/\/contarini.net\/de\/wp-json\/wp\/v2\/media?parent=39840"}],"wp:term":[{"taxonomy":"product_brand","embeddable":true,"href":"https:\/\/contarini.net\/de\/wp-json\/wp\/v2\/product_brand?post=39840"},{"taxonomy":"product_cat","embeddable":true,"href":"https:\/\/contarini.net\/de\/wp-json\/wp\/v2\/product_cat?post=39840"},{"taxonomy":"product_tag","embeddable":true,"href":"https:\/\/contarini.net\/de\/wp-json\/wp\/v2\/product_tag?post=39840"}],"curies":[{"name":"wp","href":"https:\/\/api.w.org\/{rel}","templated":true}]}}