{"id":39837,"date":"2016-09-06T17:04:41","date_gmt":"2016-09-06T15:04:41","guid":{"rendered":"https:\/\/contarini.net\/de\/produkt\/cbss-de\/"},"modified":"2016-09-06T17:04:41","modified_gmt":"2016-09-06T15:04:41","slug":"cbss-de","status":"publish","type":"product","link":"https:\/\/contarini.net\/de\/produkt\/cbss-de\/","title":{"rendered":"ANSCHLUSSGEWINDE MIT ENTL\u00dcFTUNGSSCHRAUBE TYP CBSS"},"content":{"rendered":"<p>Das anzuschwei\u00dfende Anschlussgewinde mit Entl\u00fcftungsschraube der Baureihe CBSS ist ein Bauteil, der sich f\u00fcr die Anfertigung einfach- oder doppeltwirkender Zylinder eignet. Aus Stahl 9SMn28 (bleifrei), auf der Zylinderlaufbuchse oder dem Zylinderkopf angeschwei\u00dft, ist eine einfache und bequeme L\u00f6sung f\u00fcr die Entl\u00fcftung vor allem bei Tauchzylindern und gro\u00dfen Zylindern. Das Produkt eignet sich f\u00fcr alle Bereiche.<\/p>\n","protected":false},"excerpt":{"rendered":"<p>Das anzuschwei\u00dfende Anschlussgewinde mit Entl\u00fcftungsschraube der Baureihe CBSS ist ein Bauteil, der sich f\u00fcr die Anfertigung einfach- oder doppeltwirkender Zylinder eignet. Aus Stahl 9SMn28 (bleifrei), auf der Zylinderlaufbuchse oder dem Zylinderkopf angeschwei\u00dft, ist eine einfache und bequeme L\u00f6sung f\u00fcr die Entl\u00fcftung vor allem bei Tauchzylindern und gro\u00dfen Zylindern. Das Produkt eignet sich f\u00fcr alle Bereiche.<\/p>\n","protected":false},"featured_media":0,"template":"","product_brand":[],"product_cat":[486],"product_tag":[],"class_list":{"0":"post-39837","1":"product","2":"type-product","3":"status-publish","5":"product_cat-zubehoehr","6":"odd","8":"first","9":"instock","10":"shipping-taxable","11":"product-type-simple"},"_links":{"self":[{"href":"https:\/\/contarini.net\/de\/wp-json\/wp\/v2\/product\/39837","targetHints":{"allow":["GET"]}}],"collection":[{"href":"https:\/\/contarini.net\/de\/wp-json\/wp\/v2\/product"}],"about":[{"href":"https:\/\/contarini.net\/de\/wp-json\/wp\/v2\/types\/product"}],"wp:attachment":[{"href":"https:\/\/contarini.net\/de\/wp-json\/wp\/v2\/media?parent=39837"}],"wp:term":[{"taxonomy":"product_brand","embeddable":true,"href":"https:\/\/contarini.net\/de\/wp-json\/wp\/v2\/product_brand?post=39837"},{"taxonomy":"product_cat","embeddable":true,"href":"https:\/\/contarini.net\/de\/wp-json\/wp\/v2\/product_cat?post=39837"},{"taxonomy":"product_tag","embeddable":true,"href":"https:\/\/contarini.net\/de\/wp-json\/wp\/v2\/product_tag?post=39837"}],"curies":[{"name":"wp","href":"https:\/\/api.w.org\/{rel}","templated":true}]}}